{"id":1661,"date":"2023-04-27T11:19:20","date_gmt":"2023-04-27T14:19:20","guid":{"rendered":"https:\/\/viladeste.com.br\/massagens\/"},"modified":"2025-12-10T14:46:39","modified_gmt":"2025-12-10T17:46:39","slug":"massagens","status":"publish","type":"page","link":"https:\/\/viladeste.com.br\/en\/massagens\/","title":{"rendered":"Massagens"},"content":{"rendered":"\n<p>Criamos um verdadeiro ref\u00fagio destinado \u00e0 sa\u00fade e ao bem-estar para que voc\u00ea desfrute de tratamentos revigorantes, calmantes e desintoxicantes na Vila d\u2019este. <\/p>\n\n\n\n<p>Nosso Spa Secreto conta com terapeutas experientes para realizar atendimentos multissensoriais atrav\u00e9s de massagens relaxantes em um ambiente aconchegante desenvolvido para harmonizar e acalmar o corpo e a mente.<\/p>\n\n\n\n<p><em>Agendamento dispon\u00edvel entre 16 e 20h, diretamente na recep\u00e7\u00e3o<\/em><\/p>\n\n\n\n<div class=\"wp-block-columns are-vertically-aligned-top has-white-background-color has-background is-layout-flex wp-container-core-columns-is-layout-9d6595d7 wp-block-columns-is-layout-flex\">\n<div class=\"wp-block-column is-vertically-aligned-top is-layout-flow wp-block-column-is-layout-flow\" style=\"flex-basis:100%\">\n<h2 class=\"wp-block-heading\">Massagem relaxante\/terap\u00eautica<\/h2>\n\n\n\n<p>Um mix de manobras que busca harmonizar corpo e mente proporcionando um profundo relaxamento e bem estar.<\/p>\n\n\n\n<p>Dura\u00e7\u00e3o: 50 minutos <\/p>\n\n\n\n<p><strong><strong>R$ 387,00<\/strong><\/strong><\/p>\n<\/div>\n<\/div>\n\n\n\n<div class=\"wp-block-columns has-white-background-color has-background is-layout-flex wp-container-core-columns-is-layout-9d6595d7 wp-block-columns-is-layout-flex\">\n<div class=\"wp-block-column is-vertically-aligned-top is-layout-flow wp-block-column-is-layout-flow\" style=\"flex-basis:100%\">\n<h2 class=\"wp-block-heading\">Drenagem linf\u00e1tica<\/h2>\n\n\n\n<p>\u00c9 uma t\u00e9cnica de movimentos suaves, que estimula o sistema linf\u00e1tico, eliminando o excesso de l\u00edquidos e toxinas do corpo.<\/p>\n\n\n\n<p>Dura\u00e7\u00e3o: 50 minutos <\/p>\n\n\n\n<p><strong><strong><strong><strong>R$ 387,00<\/strong><\/strong><\/strong><\/strong><\/p>\n<\/div>\n<\/div>\n\n\n\n<div class=\"wp-block-columns has-white-background-color has-background is-layout-flex wp-container-core-columns-is-layout-9d6595d7 wp-block-columns-is-layout-flex\">\n<div class=\"wp-block-column is-vertically-aligned-top is-layout-flow wp-block-column-is-layout-flow\" style=\"flex-basis:100%\">\n<h2 class=\"wp-block-heading\">Deep Tissue<\/h2>\n\n\n\n<p>Massagem que equilibra a energia vital, tratando a fadiga, cansa\u00e7o muscular e problemas do nervo ci\u00e1tico. Indicado para pessoas que fazem exerc\u00edcios f\u00edsicos com frequ\u00eancia.<\/p>\n\n\n\n<p>Dura\u00e7\u00e3o: 50 minutos <\/p>\n\n\n\n<p><strong><strong><strong><strong>R$ 387,00<\/strong><\/strong><\/strong><\/strong><\/p>\n<\/div>\n<\/div>\n\n\n\n<div class=\"wp-block-columns has-white-background-color has-background is-layout-flex wp-container-core-columns-is-layout-9d6595d7 wp-block-columns-is-layout-flex\">\n<div class=\"wp-block-column is-vertically-aligned-top is-layout-flow wp-block-column-is-layout-flow\" style=\"flex-basis:100%\">\n<h2 class=\"wp-block-heading\">Shiatsu<\/h2>\n\n\n\n<p>Uma t\u00e9cnica japonesa que utiliza a press\u00e3o dos dedos para estimular pontos no corpo, proporcionando uma sensa\u00e7\u00e3o de conforto e tranquilidade, tanto interna quanto externamente.<\/p>\n\n\n\n<p>Dura\u00e7\u00e3o: 50 minutos<\/p>\n\n\n\n<p><strong><strong><strong>R$ 387,00<\/strong><\/strong><\/strong><\/p>\n<\/div>\n<\/div>\n\n\n\n<div class=\"wp-block-columns has-white-background-color has-background is-layout-flex wp-container-core-columns-is-layout-9d6595d7 wp-block-columns-is-layout-flex\">\n<div class=\"wp-block-column is-vertically-aligned-top is-layout-flow wp-block-column-is-layout-flow\" style=\"flex-basis:100%\">\n<h2 class=\"wp-block-heading\">Massagem casal<\/h2>\n\n\n\n<p>Momento relaxante e energizante para que voc\u00ea e o seu par desfrutem juntos qualquer modalidade de massagem.<\/p>\n\n\n\n<p>Dura\u00e7\u00e3o: 50 minutos<\/p>\n\n\n\n<p><strong>R$ 977,00<\/strong><\/p>\n<\/div>\n<\/div>\n\n\n\n<div class=\"wp-block-columns has-white-background-color has-background is-layout-flex wp-container-core-columns-is-layout-9d6595d7 wp-block-columns-is-layout-flex\">\n<div class=\"wp-block-column is-vertically-aligned-top is-layout-flow wp-block-column-is-layout-flow\" style=\"flex-basis:100%\">\n<h2 class=\"wp-block-heading\">Quick Massage<\/h2>\n\n\n\n<p>Uma massagem individual feita em 25 minutos para o al\u00edvio de dores musculares, amenizando as poss\u00edveis les\u00f5es causadas pelo estresse do dia-a-dia e promovendo o bem-estar.<\/p>\n\n\n\n<p>Dura\u00e7\u00e3o: 25 minutos<\/p>\n\n\n\n<p><strong>R$ 287,00<\/strong><\/p>\n<\/div>\n<\/div>\n\n\n\n<h2 class=\"wp-block-heading has-text-align-center\">Menu<\/h2>\n\n\n\n<div class=\"wp-block-columns is-layout-flex wp-container-core-columns-is-layout-9d6595d7 wp-block-columns-is-layout-flex\">\n<div class=\"wp-block-column is-layout-flow wp-block-column-is-layout-flow\"><div class=\"wp-block-image is-style-rounded\">\n<figure class=\"aligncenter size-full\"><a href=\"https:\/\/viladeste.com.br\/en\/minibar\/\"><img loading=\"lazy\" decoding=\"async\" width=\"1920\" height=\"1280\" src=\"https:\/\/viladeste.com.br\/wp-content\/uploads\/2023\/02\/Vila-deste-6-Reduzida-3x2-24.jpg\" alt=\"\" class=\"wp-image-1177\" srcset=\"https:\/\/viladeste.com.br\/wp-content\/uploads\/2023\/02\/Vila-deste-6-Reduzida-3x2-24.jpg 1920w, https:\/\/viladeste.com.br\/wp-content\/uploads\/2023\/02\/Vila-deste-6-Reduzida-3x2-24-500x333.jpg 500w, https:\/\/viladeste.com.br\/wp-content\/uploads\/2023\/02\/Vila-deste-6-Reduzida-3x2-24-800x533.jpg 800w, https:\/\/viladeste.com.br\/wp-content\/uploads\/2023\/02\/Vila-deste-6-Reduzida-3x2-24-768x512.jpg 768w, https:\/\/viladeste.com.br\/wp-content\/uploads\/2023\/02\/Vila-deste-6-Reduzida-3x2-24-1536x1024.jpg 1536w\" sizes=\"auto, (max-width: 1920px) 100vw, 1920px\" \/><\/a><figcaption class=\"wp-element-caption\"><a href=\"https:\/\/viladeste.com.br\/en\/minibar\/\" data-type=\"page\" data-id=\"640\">MINIBAR<\/a><\/figcaption><\/figure>\n<\/div>\n\n<div class=\"wp-block-image is-style-rounded\">\n<figure class=\"aligncenter size-full\"><a href=\"https:\/\/viladeste.com.br\/en\/seu-quarto-your-room\/\"><img loading=\"lazy\" decoding=\"async\" width=\"1920\" height=\"1280\" src=\"https:\/\/viladeste.com.br\/wp-content\/uploads\/2023\/02\/Vila-deste-6-Reduzida-3x2-4.jpg\" alt=\"\" class=\"wp-image-1180\" srcset=\"https:\/\/viladeste.com.br\/wp-content\/uploads\/2023\/02\/Vila-deste-6-Reduzida-3x2-4.jpg 1920w, https:\/\/viladeste.com.br\/wp-content\/uploads\/2023\/02\/Vila-deste-6-Reduzida-3x2-4-500x333.jpg 500w, https:\/\/viladeste.com.br\/wp-content\/uploads\/2023\/02\/Vila-deste-6-Reduzida-3x2-4-800x533.jpg 800w, https:\/\/viladeste.com.br\/wp-content\/uploads\/2023\/02\/Vila-deste-6-Reduzida-3x2-4-768x512.jpg 768w, https:\/\/viladeste.com.br\/wp-content\/uploads\/2023\/02\/Vila-deste-6-Reduzida-3x2-4-1536x1024.jpg 1536w\" sizes=\"auto, (max-width: 1920px) 100vw, 1920px\" \/><\/a><figcaption class=\"wp-element-caption\"><a href=\"https:\/\/viladeste.com.br\/en\/seu-quarto-your-room\/\" data-type=\"page\" data-id=\"1122\">DIRET\u00d3RIO<\/a><\/figcaption><\/figure>\n<\/div>\n\n<div class=\"wp-block-image is-style-rounded\">\n<figure class=\"aligncenter size-large\"><a href=\"https:\/\/viladeste.com.br\/en\/massagens\/\"><img loading=\"lazy\" decoding=\"async\" width=\"800\" height=\"534\" src=\"https:\/\/viladeste.com.br\/wp-content\/uploads\/2023\/04\/massagens-800x534.jpg\" alt=\"\" class=\"wp-image-1628\" srcset=\"https:\/\/viladeste.com.br\/wp-content\/uploads\/2023\/04\/massagens-800x534.jpg 800w, https:\/\/viladeste.com.br\/wp-content\/uploads\/2023\/04\/massagens-500x334.jpg 500w, https:\/\/viladeste.com.br\/wp-content\/uploads\/2023\/04\/massagens-768x513.jpg 768w, https:\/\/viladeste.com.br\/wp-content\/uploads\/2023\/04\/massagens.jpg 1500w\" sizes=\"auto, (max-width: 800px) 100vw, 800px\" \/><\/a><figcaption class=\"wp-element-caption\"><a href=\"https:\/\/viladeste.com.br\/en\/massagens\/\">MASSAGENS<\/a><\/figcaption><\/figure>\n<\/div><\/div>\n\n\n\n<div class=\"wp-block-column is-layout-flow wp-block-column-is-layout-flow\"><div class=\"wp-block-image is-style-rounded\">\n<figure class=\"aligncenter size-full\"><a href=\"https:\/\/viladeste.com.br\/en\/room-service\/\"><img loading=\"lazy\" decoding=\"async\" width=\"732\" height=\"488\" src=\"https:\/\/viladeste.com.br\/wp-content\/uploads\/2023\/02\/Vila-deste-6-Reduzida-3x2-21.webp\" alt=\"\" class=\"wp-image-648\"\/><\/a><figcaption class=\"wp-element-caption\"><a href=\"https:\/\/viladeste.com.br\/en\/room-service\/\" data-type=\"page\" data-id=\"657\">ROOM SERVICE<\/a><\/figcaption><\/figure>\n<\/div>\n\n<div class=\"wp-block-image is-style-rounded\">\n<figure class=\"aligncenter size-full\"><a href=\"https:\/\/www.alttobuzios.com.br\/menus\"><img decoding=\"async\" src=\"https:\/\/viladeste.com.br\/wp-content\/uploads\/2023\/02\/Vila-deste-6-Reduzida-3x2-74.webp\" alt=\"\" class=\"wp-image-651\"\/><\/a><figcaption class=\"wp-element-caption\"><a href=\"https:\/\/www.alttobuzios.com.br\/menus\" target=\"_blank\" rel=\"noreferrer noopener\">ALTTO RISTORANTE<\/a><\/figcaption><\/figure>\n<\/div>\n\n<div class=\"wp-block-image is-style-rounded\">\n<figure class=\"aligncenter size-large\"><a href=\"https:\/\/viladeste.com.br\/en\/politicas-do-hotel\/\"><img loading=\"lazy\" decoding=\"async\" width=\"800\" height=\"534\" src=\"https:\/\/viladeste.com.br\/wp-content\/uploads\/2023\/04\/politica-800x534.jpg\" alt=\"\" class=\"wp-image-1590\" srcset=\"https:\/\/viladeste.com.br\/wp-content\/uploads\/2023\/04\/politica-800x534.jpg 800w, https:\/\/viladeste.com.br\/wp-content\/uploads\/2023\/04\/politica-500x334.jpg 500w, https:\/\/viladeste.com.br\/wp-content\/uploads\/2023\/04\/politica-768x513.jpg 768w, https:\/\/viladeste.com.br\/wp-content\/uploads\/2023\/04\/politica.jpg 818w\" sizes=\"auto, (max-width: 800px) 100vw, 800px\" \/><\/a><figcaption class=\"wp-element-caption\"><a href=\"https:\/\/viladeste.com.br\/en\/politicas-do-hotel\/\" target=\"_blank\" rel=\"noreferrer noopener\">POL\u00cdTICAS DO HOTEL<\/a><\/figcaption><\/figure>\n<\/div><\/div>\n<\/div>\n","protected":false},"excerpt":{"rendered":"<p>Criamos um verdadeiro ref\u00fagio destinado \u00e0 sa\u00fade e ao bem-estar para que voc\u00ea desfrute de tratamentos revigorantes, calmantes e desintoxicantes na Vila d\u2019este. Nosso Spa Secreto conta com terapeutas experientes para realizar atendimentos multissensoriais atrav\u00e9s de massagens relaxantes em um ambiente aconchegante desenvolvido para harmonizar e acalmar o corpo e a mente. Agendamento dispon\u00edvel entre [&hellip;]<\/p>\n","protected":false},"author":1,"featured_media":0,"parent":0,"menu_order":0,"comment_status":"closed","ping_status":"closed","template":"page-full-width.php","meta":{"inline_featured_image":false,"footnotes":""},"class_list":["post-1661","page","type-page","status-publish","hentry"],"yoast_head":"<!-- This site is optimized with the Yoast SEO plugin v27.2 - https:\/\/yoast.com\/product\/yoast-seo-wordpress\/ -->\n<title>Massagens - Hotel Vila d&#039;este<\/title>\n<meta name=\"robots\" content=\"index, follow, max-snippet:-1, max-image-preview:large, max-video-preview:-1\" \/>\n<link rel=\"canonical\" href=\"https:\/\/viladeste.com.br\/en\/massagens\/\" \/>\n<meta property=\"og:locale\" content=\"en_US\" \/>\n<meta property=\"og:type\" content=\"article\" \/>\n<meta property=\"og:title\" content=\"Massagens - Hotel Vila d&#039;este\" \/>\n<meta property=\"og:description\" content=\"Criamos um verdadeiro ref\u00fagio destinado \u00e0 sa\u00fade e ao bem-estar para que voc\u00ea desfrute de tratamentos revigorantes, calmantes e desintoxicantes na Vila d\u2019este. Nosso Spa Secreto conta com terapeutas experientes para realizar atendimentos multissensoriais atrav\u00e9s de massagens relaxantes em um ambiente aconchegante desenvolvido para harmonizar e acalmar o corpo e a mente. Agendamento dispon\u00edvel entre [&hellip;]\" \/>\n<meta property=\"og:url\" content=\"https:\/\/viladeste.com.br\/en\/massagens\/\" \/>\n<meta property=\"og:site_name\" content=\"Hotel Vila d&#039;este\" \/>\n<meta property=\"article:publisher\" content=\"https:\/\/www.facebook.com\/viladestebuzios\/\" \/>\n<meta property=\"article:modified_time\" content=\"2025-12-10T17:46:39+00:00\" \/>\n<meta property=\"og:image\" content=\"https:\/\/viladeste.com.br\/wp-content\/uploads\/2023\/02\/Vila-deste-6-Reduzida-3x2-24.jpg\" \/>\n\t<meta property=\"og:image:width\" content=\"1920\" \/>\n\t<meta property=\"og:image:height\" content=\"1280\" \/>\n\t<meta property=\"og:image:type\" content=\"image\/jpeg\" \/>\n<meta name=\"twitter:card\" content=\"summary_large_image\" \/>\n<meta name=\"twitter:label1\" content=\"Est. reading time\" \/>\n\t<meta name=\"twitter:data1\" content=\"3 minutes\" \/>\n<script type=\"application\/ld+json\" class=\"yoast-schema-graph\">{\"@context\":\"https:\/\/schema.org\",\"@graph\":[{\"@type\":\"WebPage\",\"@id\":\"https:\/\/viladeste.com.br\/en\/massagens\/\",\"url\":\"https:\/\/viladeste.com.br\/en\/massagens\/\",\"name\":\"Massagens - Hotel Vila d&#039;este\",\"isPartOf\":{\"@id\":\"https:\/\/viladeste.com.br\/#website\"},\"primaryImageOfPage\":{\"@id\":\"https:\/\/viladeste.com.br\/en\/massagens\/#primaryimage\"},\"image\":{\"@id\":\"https:\/\/viladeste.com.br\/en\/massagens\/#primaryimage\"},\"thumbnailUrl\":\"https:\/\/viladeste.com.br\/wp-content\/uploads\/2023\/02\/Vila-deste-6-Reduzida-3x2-24.jpg\",\"datePublished\":\"2023-04-27T14:19:20+00:00\",\"dateModified\":\"2025-12-10T17:46:39+00:00\",\"breadcrumb\":{\"@id\":\"https:\/\/viladeste.com.br\/en\/massagens\/#breadcrumb\"},\"inLanguage\":\"en-US\",\"potentialAction\":[{\"@type\":\"ReadAction\",\"target\":[\"https:\/\/viladeste.com.br\/en\/massagens\/\"]}]},{\"@type\":\"ImageObject\",\"inLanguage\":\"en-US\",\"@id\":\"https:\/\/viladeste.com.br\/en\/massagens\/#primaryimage\",\"url\":\"https:\/\/viladeste.com.br\/wp-content\/uploads\/2023\/02\/Vila-deste-6-Reduzida-3x2-24.jpg\",\"contentUrl\":\"https:\/\/viladeste.com.br\/wp-content\/uploads\/2023\/02\/Vila-deste-6-Reduzida-3x2-24.jpg\"},{\"@type\":\"BreadcrumbList\",\"@id\":\"https:\/\/viladeste.com.br\/en\/massagens\/#breadcrumb\",\"itemListElement\":[{\"@type\":\"ListItem\",\"position\":1,\"name\":\"In\u00edcio\",\"item\":\"https:\/\/viladeste.com.br\/en\/\"},{\"@type\":\"ListItem\",\"position\":2,\"name\":\"Massagens\"}]},{\"@type\":\"WebSite\",\"@id\":\"https:\/\/viladeste.com.br\/#website\",\"url\":\"https:\/\/viladeste.com.br\/\",\"name\":\"Hotel Vila d'este\",\"description\":\"B\u00fazios Original\",\"publisher\":{\"@id\":\"https:\/\/viladeste.com.br\/#organization\"},\"potentialAction\":[{\"@type\":\"SearchAction\",\"target\":{\"@type\":\"EntryPoint\",\"urlTemplate\":\"https:\/\/viladeste.com.br\/?s={search_term_string}\"},\"query-input\":{\"@type\":\"PropertyValueSpecification\",\"valueRequired\":true,\"valueName\":\"search_term_string\"}}],\"inLanguage\":\"en-US\"},{\"@type\":\"Organization\",\"@id\":\"https:\/\/viladeste.com.br\/#organization\",\"name\":\"Hotel Vila d'este\",\"url\":\"https:\/\/viladeste.com.br\/\",\"logo\":{\"@type\":\"ImageObject\",\"inLanguage\":\"en-US\",\"@id\":\"https:\/\/viladeste.com.br\/#\/schema\/logo\/image\/\",\"url\":\"https:\/\/viladeste.com.br\/wp-content\/uploads\/2023\/02\/Vila-D-Este_Branding_Logo_2.png\",\"contentUrl\":\"https:\/\/viladeste.com.br\/wp-content\/uploads\/2023\/02\/Vila-D-Este_Branding_Logo_2.png\",\"width\":875,\"height\":285,\"caption\":\"Hotel Vila d'este\"},\"image\":{\"@id\":\"https:\/\/viladeste.com.br\/#\/schema\/logo\/image\/\"},\"sameAs\":[\"https:\/\/www.facebook.com\/viladestebuzios\/\",\"https:\/\/www.instagram.com\/viladestebuzios\/\"]}]}<\/script>\n<!-- \/ Yoast SEO plugin. -->","yoast_head_json":{"title":"Massagens - Hotel Vila d&#039;este","robots":{"index":"index","follow":"follow","max-snippet":"max-snippet:-1","max-image-preview":"max-image-preview:large","max-video-preview":"max-video-preview:-1"},"canonical":"https:\/\/viladeste.com.br\/en\/massagens\/","og_locale":"en_US","og_type":"article","og_title":"Massagens - Hotel Vila d&#039;este","og_description":"Criamos um verdadeiro ref\u00fagio destinado \u00e0 sa\u00fade e ao bem-estar para que voc\u00ea desfrute de tratamentos revigorantes, calmantes e desintoxicantes na Vila d\u2019este. Nosso Spa Secreto conta com terapeutas experientes para realizar atendimentos multissensoriais atrav\u00e9s de massagens relaxantes em um ambiente aconchegante desenvolvido para harmonizar e acalmar o corpo e a mente. Agendamento dispon\u00edvel entre [&hellip;]","og_url":"https:\/\/viladeste.com.br\/en\/massagens\/","og_site_name":"Hotel Vila d&#039;este","article_publisher":"https:\/\/www.facebook.com\/viladestebuzios\/","article_modified_time":"2025-12-10T17:46:39+00:00","og_image":[{"width":1920,"height":1280,"url":"https:\/\/viladeste.com.br\/wp-content\/uploads\/2023\/02\/Vila-deste-6-Reduzida-3x2-24.jpg","type":"image\/jpeg"}],"twitter_card":"summary_large_image","twitter_misc":{"Est. reading time":"3 minutes"},"schema":{"@context":"https:\/\/schema.org","@graph":[{"@type":"WebPage","@id":"https:\/\/viladeste.com.br\/en\/massagens\/","url":"https:\/\/viladeste.com.br\/en\/massagens\/","name":"Massagens - Hotel Vila d&#039;este","isPartOf":{"@id":"https:\/\/viladeste.com.br\/#website"},"primaryImageOfPage":{"@id":"https:\/\/viladeste.com.br\/en\/massagens\/#primaryimage"},"image":{"@id":"https:\/\/viladeste.com.br\/en\/massagens\/#primaryimage"},"thumbnailUrl":"https:\/\/viladeste.com.br\/wp-content\/uploads\/2023\/02\/Vila-deste-6-Reduzida-3x2-24.jpg","datePublished":"2023-04-27T14:19:20+00:00","dateModified":"2025-12-10T17:46:39+00:00","breadcrumb":{"@id":"https:\/\/viladeste.com.br\/en\/massagens\/#breadcrumb"},"inLanguage":"en-US","potentialAction":[{"@type":"ReadAction","target":["https:\/\/viladeste.com.br\/en\/massagens\/"]}]},{"@type":"ImageObject","inLanguage":"en-US","@id":"https:\/\/viladeste.com.br\/en\/massagens\/#primaryimage","url":"https:\/\/viladeste.com.br\/wp-content\/uploads\/2023\/02\/Vila-deste-6-Reduzida-3x2-24.jpg","contentUrl":"https:\/\/viladeste.com.br\/wp-content\/uploads\/2023\/02\/Vila-deste-6-Reduzida-3x2-24.jpg"},{"@type":"BreadcrumbList","@id":"https:\/\/viladeste.com.br\/en\/massagens\/#breadcrumb","itemListElement":[{"@type":"ListItem","position":1,"name":"In\u00edcio","item":"https:\/\/viladeste.com.br\/en\/"},{"@type":"ListItem","position":2,"name":"Massagens"}]},{"@type":"WebSite","@id":"https:\/\/viladeste.com.br\/#website","url":"https:\/\/viladeste.com.br\/","name":"Hotel Vila d'este","description":"B\u00fazios Original","publisher":{"@id":"https:\/\/viladeste.com.br\/#organization"},"potentialAction":[{"@type":"SearchAction","target":{"@type":"EntryPoint","urlTemplate":"https:\/\/viladeste.com.br\/?s={search_term_string}"},"query-input":{"@type":"PropertyValueSpecification","valueRequired":true,"valueName":"search_term_string"}}],"inLanguage":"en-US"},{"@type":"Organization","@id":"https:\/\/viladeste.com.br\/#organization","name":"Hotel Vila d'este","url":"https:\/\/viladeste.com.br\/","logo":{"@type":"ImageObject","inLanguage":"en-US","@id":"https:\/\/viladeste.com.br\/#\/schema\/logo\/image\/","url":"https:\/\/viladeste.com.br\/wp-content\/uploads\/2023\/02\/Vila-D-Este_Branding_Logo_2.png","contentUrl":"https:\/\/viladeste.com.br\/wp-content\/uploads\/2023\/02\/Vila-D-Este_Branding_Logo_2.png","width":875,"height":285,"caption":"Hotel Vila d'este"},"image":{"@id":"https:\/\/viladeste.com.br\/#\/schema\/logo\/image\/"},"sameAs":["https:\/\/www.facebook.com\/viladestebuzios\/","https:\/\/www.instagram.com\/viladestebuzios\/"]}]}},"_links":{"self":[{"href":"https:\/\/viladeste.com.br\/en\/wp-json\/wp\/v2\/pages\/1661","targetHints":{"allow":["GET"]}}],"collection":[{"href":"https:\/\/viladeste.com.br\/en\/wp-json\/wp\/v2\/pages"}],"about":[{"href":"https:\/\/viladeste.com.br\/en\/wp-json\/wp\/v2\/types\/page"}],"author":[{"embeddable":true,"href":"https:\/\/viladeste.com.br\/en\/wp-json\/wp\/v2\/users\/1"}],"replies":[{"embeddable":true,"href":"https:\/\/viladeste.com.br\/en\/wp-json\/wp\/v2\/comments?post=1661"}],"version-history":[{"count":6,"href":"https:\/\/viladeste.com.br\/en\/wp-json\/wp\/v2\/pages\/1661\/revisions"}],"predecessor-version":[{"id":2023,"href":"https:\/\/viladeste.com.br\/en\/wp-json\/wp\/v2\/pages\/1661\/revisions\/2023"}],"wp:attachment":[{"href":"https:\/\/viladeste.com.br\/en\/wp-json\/wp\/v2\/media?parent=1661"}],"curies":[{"name":"wp","href":"https:\/\/api.w.org\/{rel}","templated":true}]}}