{"id":1229,"date":"2023-02-27T15:23:58","date_gmt":"2023-02-27T18:23:58","guid":{"rendered":"https:\/\/viladeste.com.br\/seu-quarto-your-room\/"},"modified":"2025-03-19T15:20:47","modified_gmt":"2025-03-19T18:20:47","slug":"seu-quarto-your-room","status":"publish","type":"page","link":"https:\/\/viladeste.com.br\/es\/seu-quarto-your-room\/","title":{"rendered":"Cuidadosamente preparado para ti"},"content":{"rendered":"\n<p>Nuestras habitaciones decoradas individualmente reflejan el cuidado de que cada experiencia en la Vila sea verdaderamente \u00fanica.<\/p>\n\n\n\n<figure class=\"wp-block-gallery has-nested-images columns-default is-cropped wp-block-gallery-1 is-layout-flex wp-block-gallery-is-layout-flex\">\n<figure class=\"wp-block-image size-large is-style-default\"><a href=\"https:\/\/viladeste.com.br\/wp-content\/uploads\/2023\/02\/ad91e7_923b78f8d62643a49dbd1930271d4172_mv2.webp\"><img loading=\"lazy\" decoding=\"async\" width=\"1500\" height=\"750\" data-id=\"1124\" src=\"https:\/\/viladeste.com.br\/wp-content\/uploads\/2023\/02\/ad91e7_923b78f8d62643a49dbd1930271d4172_mv2.webp\" alt=\"\" class=\"wp-image-1124\" srcset=\"https:\/\/viladeste.com.br\/wp-content\/uploads\/2023\/02\/ad91e7_923b78f8d62643a49dbd1930271d4172_mv2.webp 1500w, https:\/\/viladeste.com.br\/wp-content\/uploads\/2023\/02\/ad91e7_923b78f8d62643a49dbd1930271d4172_mv2-768x384.webp 768w\" sizes=\"auto, (max-width: 1500px) 100vw, 1500px\" \/><\/a><\/figure>\n\n\n\n<figure class=\"wp-block-image size-large\"><a href=\"https:\/\/viladeste.com.br\/wp-content\/uploads\/2023\/02\/ad91e7_de163ff8b0bb43dc9319d09734366ec9_mv2.webp\"><img loading=\"lazy\" decoding=\"async\" width=\"1001\" height=\"1500\" data-id=\"1127\" src=\"https:\/\/viladeste.com.br\/wp-content\/uploads\/2023\/02\/ad91e7_de163ff8b0bb43dc9319d09734366ec9_mv2.webp\" alt=\"\" class=\"wp-image-1127\" srcset=\"https:\/\/viladeste.com.br\/wp-content\/uploads\/2023\/02\/ad91e7_de163ff8b0bb43dc9319d09734366ec9_mv2.webp 1001w, https:\/\/viladeste.com.br\/wp-content\/uploads\/2023\/02\/ad91e7_de163ff8b0bb43dc9319d09734366ec9_mv2-768x1151.webp 768w, https:\/\/viladeste.com.br\/wp-content\/uploads\/2023\/02\/ad91e7_de163ff8b0bb43dc9319d09734366ec9_mv2-500x750.webp 500w\" sizes=\"auto, (max-width: 1001px) 100vw, 1001px\" \/><\/a><\/figure>\n\n\n\n<figure class=\"wp-block-image size-large\"><a href=\"https:\/\/viladeste.com.br\/wp-content\/uploads\/2023\/02\/ad91e7_866dafaf36a540ecba8f4e5dd1cd96dc_mv2_d_1500_1500_s_2.webp\"><img loading=\"lazy\" decoding=\"async\" width=\"1500\" height=\"1500\" data-id=\"1130\" src=\"https:\/\/viladeste.com.br\/wp-content\/uploads\/2023\/02\/ad91e7_866dafaf36a540ecba8f4e5dd1cd96dc_mv2_d_1500_1500_s_2.webp\" alt=\"\" class=\"wp-image-1130\" srcset=\"https:\/\/viladeste.com.br\/wp-content\/uploads\/2023\/02\/ad91e7_866dafaf36a540ecba8f4e5dd1cd96dc_mv2_d_1500_1500_s_2.webp 1500w, https:\/\/viladeste.com.br\/wp-content\/uploads\/2023\/02\/ad91e7_866dafaf36a540ecba8f4e5dd1cd96dc_mv2_d_1500_1500_s_2-150x150.webp 150w, https:\/\/viladeste.com.br\/wp-content\/uploads\/2023\/02\/ad91e7_866dafaf36a540ecba8f4e5dd1cd96dc_mv2_d_1500_1500_s_2-768x768.webp 768w, https:\/\/viladeste.com.br\/wp-content\/uploads\/2023\/02\/ad91e7_866dafaf36a540ecba8f4e5dd1cd96dc_mv2_d_1500_1500_s_2-750x750.webp 750w\" sizes=\"auto, (max-width: 1500px) 100vw, 1500px\" \/><\/a><\/figure>\n<\/figure>\n\n\n\n<h2 class=\"wp-block-heading\">Housekeeping<\/h2>\n\n\n\n<p>El servicio de limpieza se realiza todos los d\u00edas de 09:00 a 17:00, previa entrega de llaves en recepci\u00f3n.<\/p>\n\n\n\n<p>Tenga en cuenta que, al dejar la llave de su apartamento en la recepci\u00f3n, entenderemos autom\u00e1ticamente que desea el servicio de limpieza, a menos que nos indique lo contrario. La limpieza se realiza en el orden en que las llaves son entregadas en la recepci\u00f3n.<\/p>\n\n\n\n<h2 class=\"wp-block-heading\">Telefone<\/h2>\n\n\n\n<div class=\"wp-block-columns is-layout-flex wp-container-core-columns-is-layout-9d6595d7 wp-block-columns-is-layout-flex\">\n<div class=\"wp-block-column is-layout-flow wp-block-column-is-layout-flow\" style=\"flex-basis:100%\">\n<div class=\"wp-block-columns is-layout-flex wp-container-core-columns-is-layout-9d6595d7 wp-block-columns-is-layout-flex\">\n<div class=\"wp-block-column is-layout-flow wp-block-column-is-layout-flow\" style=\"flex-basis:100%\">\n<div class=\"wp-block-group\"><div class=\"wp-block-group__inner-container is-layout-constrained wp-block-group-is-layout-constrained\">\n<div class=\"wp-block-columns is-layout-flex wp-container-core-columns-is-layout-9d6595d7 wp-block-columns-is-layout-flex\">\n<div class=\"wp-block-column is-layout-flow wp-block-column-is-layout-flow\" style=\"flex-basis:100%\">\n<figure class=\"wp-block-table is-style-stripes\"><table><tbody><tr><td>Recep\u00e7\u00e3o \/ Front Desk \/ Recepci\u00f3n<\/td><td>9<\/td><\/tr><tr><td>Servi\u00e7o de quarto \/ Room service \/ Servicio de habitaci\u00f3n<\/td><td>223<\/td><\/tr><tr><td>Outro apartamento \/ Call a room \/ Llamar habitaci\u00f3n<\/td><td>2 + room number \/ apartamento \/ habitaci\u00f3n<\/td><\/tr><tr><td><strong>Chamadas<\/strong><\/td><td><\/td><\/tr><tr><td>Chamadas locais \/ Local calls \/ Llamadas locales<\/td><td>0 + n\u00famero \/ phone number<\/td><\/tr><tr><td>Longa dist\u00e2ncia \/ Long distance \/ Longa distancia<\/td><td>0 + 031 + cod. \u00e1rea \/area code + n\u00famero \/ number<\/td><\/tr><tr><td>Internacional \/ International<\/td><td>00 + 031 + cod. \u00e1rea \/area code + n\u00famero \/ number<\/td><\/tr><\/tbody><\/table><\/figure>\n<\/div>\n<\/div>\n<\/div><\/div>\n<\/div>\n<\/div>\n<\/div>\n<\/div>\n\n\n\n<h2 class=\"wp-block-heading\">Caja Fuerte<\/h2>\n\n\n\n<p>Para su comodidad, ofrecemos una caja fuerte digital gratuita.<\/p>\n\n\n\n<p>Para codificar siga los siguientes pasos:<\/p>\n\n\n\n<ol class=\"wp-block-list\">\n<li>escriba # y aparecer\u00e1 la palabra \u00abc\u00f3digo\u00bb.<\/li>\n\n\n\n<li>Ingrese 4 o 6 d\u00edgitos (seg\u00fan el modelo de su caja fuerte) y espere a que se borre la pantalla. Cuando la pantalla se apague, la contrase\u00f1a ya estar\u00e1 guardada.<\/li>\n\n\n\n<li>Para cerrar o abrir, vuelva a ingresar el c\u00f3digo.<\/li>\n<\/ol>\n\n\n\n<p>*Vila d\u2019este no se responsabiliza por bienes u objetos de valor dejados fuera de la caja fuerte.<\/p>\n\n\n\n<h2 class=\"wp-block-heading\">Lavander\u00eda<\/h2>\n\n\n\n<p>\u00a1Perm\u00edtanos cuidar su ropa sucia mientras descubre B\u00fazios Original!<\/p>\n\n\n\n<p>Para solicitar lavander\u00eda, solo comun\u00edquese con la recepci\u00f3n a trav\u00e9s de la extensi\u00f3n 9.<\/p>\n\n\n\n<figure class=\"wp-block-image size-full\"><img loading=\"lazy\" decoding=\"async\" width=\"1200\" height=\"1698\" src=\"https:\/\/viladeste.com.br\/wp-content\/uploads\/2023\/02\/Tabela-de-precos-lavanderia.webp\" alt=\"\" class=\"wp-image-1149\" srcset=\"https:\/\/viladeste.com.br\/wp-content\/uploads\/2023\/02\/Tabela-de-precos-lavanderia.webp 1200w, https:\/\/viladeste.com.br\/wp-content\/uploads\/2023\/02\/Tabela-de-precos-lavanderia-768x1087.webp 768w, https:\/\/viladeste.com.br\/wp-content\/uploads\/2023\/02\/Tabela-de-precos-lavanderia-1086x1536.webp 1086w\" sizes=\"auto, (max-width: 1200px) 100vw, 1200px\" \/><\/figure>\n\n\n\n<h2 class=\"wp-block-heading has-text-align-center\">Menus<\/h2>\n\n\n\n<div class=\"wp-block-columns is-layout-flex wp-container-core-columns-is-layout-9d6595d7 wp-block-columns-is-layout-flex\">\n<div class=\"wp-block-column is-layout-flow wp-block-column-is-layout-flow\"><div class=\"wp-block-image is-style-rounded\">\n<figure class=\"aligncenter size-full\"><a href=\"https:\/\/viladeste.com.br\/es\/minibar\/\"><img loading=\"lazy\" decoding=\"async\" width=\"1920\" height=\"1280\" src=\"https:\/\/viladeste.com.br\/wp-content\/uploads\/2023\/02\/Vila-deste-6-Reduzida-3x2-24.jpg\" alt=\"\" class=\"wp-image-1177\" srcset=\"https:\/\/viladeste.com.br\/wp-content\/uploads\/2023\/02\/Vila-deste-6-Reduzida-3x2-24.jpg 1920w, https:\/\/viladeste.com.br\/wp-content\/uploads\/2023\/02\/Vila-deste-6-Reduzida-3x2-24-500x333.jpg 500w, https:\/\/viladeste.com.br\/wp-content\/uploads\/2023\/02\/Vila-deste-6-Reduzida-3x2-24-800x533.jpg 800w, https:\/\/viladeste.com.br\/wp-content\/uploads\/2023\/02\/Vila-deste-6-Reduzida-3x2-24-768x512.jpg 768w, https:\/\/viladeste.com.br\/wp-content\/uploads\/2023\/02\/Vila-deste-6-Reduzida-3x2-24-1536x1024.jpg 1536w\" sizes=\"auto, (max-width: 1920px) 100vw, 1920px\" \/><\/a><figcaption class=\"wp-element-caption\"><a href=\"https:\/\/viladeste.com.br\/es\/minibar\/\">MINIBAR<\/a><\/figcaption><\/figure>\n<\/div>\n\n<div class=\"wp-block-image is-style-rounded\">\n<figure class=\"aligncenter size-full\"><a href=\"https:\/\/viladeste.com.br\/es\/seu-quarto-your-room\/\"><img loading=\"lazy\" decoding=\"async\" width=\"1920\" height=\"1280\" src=\"https:\/\/viladeste.com.br\/wp-content\/uploads\/2023\/02\/Vila-deste-6-Reduzida-3x2-4.jpg\" alt=\"\" class=\"wp-image-1180\" srcset=\"https:\/\/viladeste.com.br\/wp-content\/uploads\/2023\/02\/Vila-deste-6-Reduzida-3x2-4.jpg 1920w, https:\/\/viladeste.com.br\/wp-content\/uploads\/2023\/02\/Vila-deste-6-Reduzida-3x2-4-500x333.jpg 500w, https:\/\/viladeste.com.br\/wp-content\/uploads\/2023\/02\/Vila-deste-6-Reduzida-3x2-4-800x533.jpg 800w, https:\/\/viladeste.com.br\/wp-content\/uploads\/2023\/02\/Vila-deste-6-Reduzida-3x2-4-768x512.jpg 768w, https:\/\/viladeste.com.br\/wp-content\/uploads\/2023\/02\/Vila-deste-6-Reduzida-3x2-4-1536x1024.jpg 1536w\" sizes=\"auto, (max-width: 1920px) 100vw, 1920px\" \/><\/a><figcaption class=\"wp-element-caption\"><a href=\"https:\/\/viladeste.com.br\/es\/seu-quarto-your-room\/\">DIRET\u00d3RIO<\/a><\/figcaption><\/figure>\n<\/div>\n\n<div class=\"wp-block-image is-style-rounded\">\n<figure class=\"aligncenter size-large\"><a href=\"https:\/\/viladeste.com.br\/es\/massagens\/\"><img loading=\"lazy\" decoding=\"async\" width=\"800\" height=\"534\" src=\"https:\/\/viladeste.com.br\/wp-content\/uploads\/2023\/04\/massagens-800x534.jpg\" alt=\"\" class=\"wp-image-1630\" srcset=\"https:\/\/viladeste.com.br\/wp-content\/uploads\/2023\/04\/massagens-800x534.jpg 800w, https:\/\/viladeste.com.br\/wp-content\/uploads\/2023\/04\/massagens-500x334.jpg 500w, https:\/\/viladeste.com.br\/wp-content\/uploads\/2023\/04\/massagens-768x513.jpg 768w, https:\/\/viladeste.com.br\/wp-content\/uploads\/2023\/04\/massagens.jpg 1500w\" sizes=\"auto, (max-width: 800px) 100vw, 800px\" \/><\/a><figcaption class=\"wp-element-caption\"><a href=\"https:\/\/viladeste.com.br\/es\/massagens\/\">MASSAGENS<\/a><\/figcaption><\/figure>\n<\/div><\/div>\n\n\n\n<div class=\"wp-block-column is-layout-flow wp-block-column-is-layout-flow\"><div class=\"wp-block-image is-style-rounded\">\n<figure class=\"aligncenter size-full\"><a href=\"https:\/\/viladeste.com.br\/es\/room-service\/\"><img loading=\"lazy\" decoding=\"async\" width=\"732\" height=\"488\" src=\"https:\/\/viladeste.com.br\/wp-content\/uploads\/2023\/02\/Vila-deste-6-Reduzida-3x2-21.webp\" alt=\"\" class=\"wp-image-648\"\/><\/a><figcaption class=\"wp-element-caption\"><a href=\"https:\/\/viladeste.com.br\/es\/room-service\/\">ROOM SERVICE<\/a><\/figcaption><\/figure>\n<\/div>\n\n<div class=\"wp-block-image is-style-rounded\">\n<figure class=\"aligncenter size-full\"><a href=\"https:\/\/www.alttobuzios.com.br\/menus\"><img decoding=\"async\" src=\"https:\/\/viladeste.com.br\/wp-content\/uploads\/2023\/02\/Vila-deste-6-Reduzida-3x2-74.webp\" alt=\"\" class=\"wp-image-651\"\/><\/a><figcaption class=\"wp-element-caption\"><a href=\"https:\/\/www.alttobuzios.com.br\/menus\" target=\"_blank\" rel=\"noreferrer noopener\">ALTTO RISTORANTE<\/a><\/figcaption><\/figure>\n<\/div>\n\n<div class=\"wp-block-image is-style-rounded\">\n<figure class=\"aligncenter size-large\"><a href=\"https:\/\/viladeste.com.br\/es\/politicas-do-hotel\/\"><img loading=\"lazy\" decoding=\"async\" width=\"800\" height=\"534\" src=\"https:\/\/viladeste.com.br\/wp-content\/uploads\/2023\/04\/politica-800x534.jpg\" alt=\"\" class=\"wp-image-1592\" srcset=\"https:\/\/viladeste.com.br\/wp-content\/uploads\/2023\/04\/politica-800x534.jpg 800w, https:\/\/viladeste.com.br\/wp-content\/uploads\/2023\/04\/politica-500x334.jpg 500w, https:\/\/viladeste.com.br\/wp-content\/uploads\/2023\/04\/politica-768x513.jpg 768w, https:\/\/viladeste.com.br\/wp-content\/uploads\/2023\/04\/politica.jpg 818w\" sizes=\"auto, (max-width: 800px) 100vw, 800px\" \/><\/a><figcaption class=\"wp-element-caption\"><a href=\"https:\/\/viladeste.com.br\/es\/politicas-do-hotel\/\" target=\"_blank\" rel=\"noreferrer noopener\">POL\u00cdTICAS DO HOTEL<\/a><\/figcaption><\/figure>\n<\/div><\/div>\n<\/div>\n","protected":false},"excerpt":{"rendered":"<p>Nuestras habitaciones decoradas individualmente reflejan el cuidado de que cada experiencia en la Vila sea verdaderamente \u00fanica. Housekeeping El servicio de limpieza se realiza todos los d\u00edas de 09:00 a 17:00, previa entrega de llaves en recepci\u00f3n. Tenga en cuenta que, al dejar la llave de su apartamento en la recepci\u00f3n, entenderemos autom\u00e1ticamente que desea [&hellip;]<\/p>\n","protected":false},"author":1,"featured_media":0,"parent":0,"menu_order":0,"comment_status":"closed","ping_status":"closed","template":"page-full-width.php","meta":{"inline_featured_image":false,"footnotes":""},"class_list":["post-1229","page","type-page","status-publish","hentry"],"yoast_head":"<!-- This site is optimized with the Yoast SEO plugin v27.2 - https:\/\/yoast.com\/product\/yoast-seo-wordpress\/ -->\n<title>Cuidadosamente preparado para ti - Hotel Vila d&#039;este<\/title>\n<meta name=\"robots\" content=\"index, follow, max-snippet:-1, max-image-preview:large, max-video-preview:-1\" \/>\n<link rel=\"canonical\" href=\"https:\/\/viladeste.com.br\/es\/seu-quarto-your-room\/\" \/>\n<meta property=\"og:locale\" content=\"es_ES\" \/>\n<meta property=\"og:type\" content=\"article\" \/>\n<meta property=\"og:title\" content=\"Cuidadosamente preparado para ti - Hotel Vila d&#039;este\" \/>\n<meta property=\"og:description\" content=\"Nuestras habitaciones decoradas individualmente reflejan el cuidado de que cada experiencia en la Vila sea verdaderamente \u00fanica. Housekeeping El servicio de limpieza se realiza todos los d\u00edas de 09:00 a 17:00, previa entrega de llaves en recepci\u00f3n. Tenga en cuenta que, al dejar la llave de su apartamento en la recepci\u00f3n, entenderemos autom\u00e1ticamente que desea [&hellip;]\" \/>\n<meta property=\"og:url\" content=\"https:\/\/viladeste.com.br\/es\/seu-quarto-your-room\/\" \/>\n<meta property=\"og:site_name\" content=\"Hotel Vila d&#039;este\" \/>\n<meta property=\"article:publisher\" content=\"https:\/\/www.facebook.com\/viladestebuzios\/\" \/>\n<meta property=\"article:modified_time\" content=\"2025-03-19T18:20:47+00:00\" \/>\n<meta property=\"og:image\" content=\"https:\/\/viladeste.com.br\/wp-content\/uploads\/2023\/02\/ad91e7_923b78f8d62643a49dbd1930271d4172_mv2.webp\" \/>\n<meta name=\"twitter:card\" content=\"summary_large_image\" \/>\n<meta name=\"twitter:label1\" content=\"Tiempo de lectura\" \/>\n\t<meta name=\"twitter:data1\" content=\"4 minutos\" \/>\n<script type=\"application\/ld+json\" class=\"yoast-schema-graph\">{\"@context\":\"https:\/\/schema.org\",\"@graph\":[{\"@type\":\"WebPage\",\"@id\":\"https:\/\/viladeste.com.br\/es\/seu-quarto-your-room\/\",\"url\":\"https:\/\/viladeste.com.br\/es\/seu-quarto-your-room\/\",\"name\":\"Cuidadosamente preparado para ti - Hotel Vila d&#039;este\",\"isPartOf\":{\"@id\":\"https:\/\/viladeste.com.br\/#website\"},\"primaryImageOfPage\":{\"@id\":\"https:\/\/viladeste.com.br\/es\/seu-quarto-your-room\/#primaryimage\"},\"image\":{\"@id\":\"https:\/\/viladeste.com.br\/es\/seu-quarto-your-room\/#primaryimage\"},\"thumbnailUrl\":\"https:\/\/viladeste.com.br\/wp-content\/uploads\/2023\/02\/ad91e7_923b78f8d62643a49dbd1930271d4172_mv2.webp\",\"datePublished\":\"2023-02-27T18:23:58+00:00\",\"dateModified\":\"2025-03-19T18:20:47+00:00\",\"breadcrumb\":{\"@id\":\"https:\/\/viladeste.com.br\/es\/seu-quarto-your-room\/#breadcrumb\"},\"inLanguage\":\"es\",\"potentialAction\":[{\"@type\":\"ReadAction\",\"target\":[\"https:\/\/viladeste.com.br\/es\/seu-quarto-your-room\/\"]}]},{\"@type\":\"ImageObject\",\"inLanguage\":\"es\",\"@id\":\"https:\/\/viladeste.com.br\/es\/seu-quarto-your-room\/#primaryimage\",\"url\":\"https:\/\/viladeste.com.br\/wp-content\/uploads\/2023\/02\/ad91e7_923b78f8d62643a49dbd1930271d4172_mv2.webp\",\"contentUrl\":\"https:\/\/viladeste.com.br\/wp-content\/uploads\/2023\/02\/ad91e7_923b78f8d62643a49dbd1930271d4172_mv2.webp\"},{\"@type\":\"BreadcrumbList\",\"@id\":\"https:\/\/viladeste.com.br\/es\/seu-quarto-your-room\/#breadcrumb\",\"itemListElement\":[{\"@type\":\"ListItem\",\"position\":1,\"name\":\"In\u00edcio\",\"item\":\"https:\/\/viladeste.com.br\/es\/\"},{\"@type\":\"ListItem\",\"position\":2,\"name\":\"Cuidadosamente preparado para ti\"}]},{\"@type\":\"WebSite\",\"@id\":\"https:\/\/viladeste.com.br\/#website\",\"url\":\"https:\/\/viladeste.com.br\/\",\"name\":\"Hotel Vila d'este\",\"description\":\"B\u00fazios Original\",\"publisher\":{\"@id\":\"https:\/\/viladeste.com.br\/#organization\"},\"potentialAction\":[{\"@type\":\"SearchAction\",\"target\":{\"@type\":\"EntryPoint\",\"urlTemplate\":\"https:\/\/viladeste.com.br\/?s={search_term_string}\"},\"query-input\":{\"@type\":\"PropertyValueSpecification\",\"valueRequired\":true,\"valueName\":\"search_term_string\"}}],\"inLanguage\":\"es\"},{\"@type\":\"Organization\",\"@id\":\"https:\/\/viladeste.com.br\/#organization\",\"name\":\"Hotel Vila d'este\",\"url\":\"https:\/\/viladeste.com.br\/\",\"logo\":{\"@type\":\"ImageObject\",\"inLanguage\":\"es\",\"@id\":\"https:\/\/viladeste.com.br\/#\/schema\/logo\/image\/\",\"url\":\"https:\/\/viladeste.com.br\/wp-content\/uploads\/2023\/02\/Vila-D-Este_Branding_Logo_2.png\",\"contentUrl\":\"https:\/\/viladeste.com.br\/wp-content\/uploads\/2023\/02\/Vila-D-Este_Branding_Logo_2.png\",\"width\":875,\"height\":285,\"caption\":\"Hotel Vila d'este\"},\"image\":{\"@id\":\"https:\/\/viladeste.com.br\/#\/schema\/logo\/image\/\"},\"sameAs\":[\"https:\/\/www.facebook.com\/viladestebuzios\/\",\"https:\/\/www.instagram.com\/viladestebuzios\/\"]}]}<\/script>\n<!-- \/ Yoast SEO plugin. -->","yoast_head_json":{"title":"Cuidadosamente preparado para ti - Hotel Vila d&#039;este","robots":{"index":"index","follow":"follow","max-snippet":"max-snippet:-1","max-image-preview":"max-image-preview:large","max-video-preview":"max-video-preview:-1"},"canonical":"https:\/\/viladeste.com.br\/es\/seu-quarto-your-room\/","og_locale":"es_ES","og_type":"article","og_title":"Cuidadosamente preparado para ti - Hotel Vila d&#039;este","og_description":"Nuestras habitaciones decoradas individualmente reflejan el cuidado de que cada experiencia en la Vila sea verdaderamente \u00fanica. Housekeeping El servicio de limpieza se realiza todos los d\u00edas de 09:00 a 17:00, previa entrega de llaves en recepci\u00f3n. Tenga en cuenta que, al dejar la llave de su apartamento en la recepci\u00f3n, entenderemos autom\u00e1ticamente que desea [&hellip;]","og_url":"https:\/\/viladeste.com.br\/es\/seu-quarto-your-room\/","og_site_name":"Hotel Vila d&#039;este","article_publisher":"https:\/\/www.facebook.com\/viladestebuzios\/","article_modified_time":"2025-03-19T18:20:47+00:00","og_image":[{"url":"https:\/\/viladeste.com.br\/wp-content\/uploads\/2023\/02\/ad91e7_923b78f8d62643a49dbd1930271d4172_mv2.webp","type":"","width":"","height":""}],"twitter_card":"summary_large_image","twitter_misc":{"Tiempo de lectura":"4 minutos"},"schema":{"@context":"https:\/\/schema.org","@graph":[{"@type":"WebPage","@id":"https:\/\/viladeste.com.br\/es\/seu-quarto-your-room\/","url":"https:\/\/viladeste.com.br\/es\/seu-quarto-your-room\/","name":"Cuidadosamente preparado para ti - Hotel Vila d&#039;este","isPartOf":{"@id":"https:\/\/viladeste.com.br\/#website"},"primaryImageOfPage":{"@id":"https:\/\/viladeste.com.br\/es\/seu-quarto-your-room\/#primaryimage"},"image":{"@id":"https:\/\/viladeste.com.br\/es\/seu-quarto-your-room\/#primaryimage"},"thumbnailUrl":"https:\/\/viladeste.com.br\/wp-content\/uploads\/2023\/02\/ad91e7_923b78f8d62643a49dbd1930271d4172_mv2.webp","datePublished":"2023-02-27T18:23:58+00:00","dateModified":"2025-03-19T18:20:47+00:00","breadcrumb":{"@id":"https:\/\/viladeste.com.br\/es\/seu-quarto-your-room\/#breadcrumb"},"inLanguage":"es","potentialAction":[{"@type":"ReadAction","target":["https:\/\/viladeste.com.br\/es\/seu-quarto-your-room\/"]}]},{"@type":"ImageObject","inLanguage":"es","@id":"https:\/\/viladeste.com.br\/es\/seu-quarto-your-room\/#primaryimage","url":"https:\/\/viladeste.com.br\/wp-content\/uploads\/2023\/02\/ad91e7_923b78f8d62643a49dbd1930271d4172_mv2.webp","contentUrl":"https:\/\/viladeste.com.br\/wp-content\/uploads\/2023\/02\/ad91e7_923b78f8d62643a49dbd1930271d4172_mv2.webp"},{"@type":"BreadcrumbList","@id":"https:\/\/viladeste.com.br\/es\/seu-quarto-your-room\/#breadcrumb","itemListElement":[{"@type":"ListItem","position":1,"name":"In\u00edcio","item":"https:\/\/viladeste.com.br\/es\/"},{"@type":"ListItem","position":2,"name":"Cuidadosamente preparado para ti"}]},{"@type":"WebSite","@id":"https:\/\/viladeste.com.br\/#website","url":"https:\/\/viladeste.com.br\/","name":"Hotel Vila d'este","description":"B\u00fazios Original","publisher":{"@id":"https:\/\/viladeste.com.br\/#organization"},"potentialAction":[{"@type":"SearchAction","target":{"@type":"EntryPoint","urlTemplate":"https:\/\/viladeste.com.br\/?s={search_term_string}"},"query-input":{"@type":"PropertyValueSpecification","valueRequired":true,"valueName":"search_term_string"}}],"inLanguage":"es"},{"@type":"Organization","@id":"https:\/\/viladeste.com.br\/#organization","name":"Hotel Vila d'este","url":"https:\/\/viladeste.com.br\/","logo":{"@type":"ImageObject","inLanguage":"es","@id":"https:\/\/viladeste.com.br\/#\/schema\/logo\/image\/","url":"https:\/\/viladeste.com.br\/wp-content\/uploads\/2023\/02\/Vila-D-Este_Branding_Logo_2.png","contentUrl":"https:\/\/viladeste.com.br\/wp-content\/uploads\/2023\/02\/Vila-D-Este_Branding_Logo_2.png","width":875,"height":285,"caption":"Hotel Vila d'este"},"image":{"@id":"https:\/\/viladeste.com.br\/#\/schema\/logo\/image\/"},"sameAs":["https:\/\/www.facebook.com\/viladestebuzios\/","https:\/\/www.instagram.com\/viladestebuzios\/"]}]}},"_links":{"self":[{"href":"https:\/\/viladeste.com.br\/es\/wp-json\/wp\/v2\/pages\/1229","targetHints":{"allow":["GET"]}}],"collection":[{"href":"https:\/\/viladeste.com.br\/es\/wp-json\/wp\/v2\/pages"}],"about":[{"href":"https:\/\/viladeste.com.br\/es\/wp-json\/wp\/v2\/types\/page"}],"author":[{"embeddable":true,"href":"https:\/\/viladeste.com.br\/es\/wp-json\/wp\/v2\/users\/1"}],"replies":[{"embeddable":true,"href":"https:\/\/viladeste.com.br\/es\/wp-json\/wp\/v2\/comments?post=1229"}],"version-history":[{"count":8,"href":"https:\/\/viladeste.com.br\/es\/wp-json\/wp\/v2\/pages\/1229\/revisions"}],"predecessor-version":[{"id":1835,"href":"https:\/\/viladeste.com.br\/es\/wp-json\/wp\/v2\/pages\/1229\/revisions\/1835"}],"wp:attachment":[{"href":"https:\/\/viladeste.com.br\/es\/wp-json\/wp\/v2\/media?parent=1229"}],"curies":[{"name":"wp","href":"https:\/\/api.w.org\/{rel}","templated":true}]}}