{"id":1231,"date":"2023-02-20T08:48:35","date_gmt":"2023-02-20T11:48:35","guid":{"rendered":"https:\/\/viladeste.com.br\/room-service\/"},"modified":"2023-04-28T08:48:14","modified_gmt":"2023-04-28T11:48:14","slug":"room-service","status":"publish","type":"page","link":"https:\/\/viladeste.com.br\/es\/room-service\/","title":{"rendered":"Room Service"},"content":{"rendered":"\n<div class=\"wp-block-columns are-vertically-aligned-top has-white-background-color has-background is-layout-flex wp-container-core-columns-is-layout-9d6595d7 wp-block-columns-is-layout-flex\">\n<div class=\"wp-block-column is-vertically-aligned-top is-layout-flow wp-block-column-is-layout-flow\" style=\"flex-basis:33.33%\">\n<figure class=\"wp-block-image size-full\"><img loading=\"lazy\" decoding=\"async\" width=\"478\" height=\"706\" src=\"https:\/\/viladeste.com.br\/wp-content\/uploads\/2023\/02\/Vila-deste-3x2-reduzida-14.webp\" alt=\"\" class=\"wp-image-658\"\/><\/figure>\n<\/div>\n\n\n\n<div class=\"wp-block-column is-vertically-aligned-top is-layout-flow wp-block-column-is-layout-flow\" style=\"flex-basis:66.66%\">\n<h2 class=\"wp-block-heading\">Desayuno Continental Ligero<\/h2>\n\n\n\n<p><em>servido de 01:00 a 07:30 &#8211; para dos personas<\/em><\/p>\n\n\n\n<p>Canasta de pan, mantequilla, miel, mermelada, queso crema, frutas de estaci\u00f3n, caf\u00e9, leche y jugo de naranja.<\/p>\n\n\n\n<p><strong>Sin costo<\/strong><\/p>\n\n\n\n<p>Desayuno servido en el Gazebo, especialmente para los hu\u00e9spedes que no puedan asistir al desayuno de 08:00 a 11:00.<\/p>\n\n\n\n<p><strong>Este servicio debe programarse antes de la 1:00 p. m. del d\u00eda anterior a trav\u00e9s de la extensi\u00f3n #9.<\/strong><\/p>\n<\/div>\n<\/div>\n\n\n\n<div class=\"wp-block-columns has-white-background-color has-background is-layout-flex wp-container-core-columns-is-layout-9d6595d7 wp-block-columns-is-layout-flex\">\n<div class=\"wp-block-column is-vertically-aligned-top is-layout-flow wp-block-column-is-layout-flow\" style=\"flex-basis:33.33%\">\n<figure class=\"wp-block-image size-full\"><img loading=\"lazy\" decoding=\"async\" width=\"478\" height=\"706\" src=\"https:\/\/viladeste.com.br\/wp-content\/uploads\/2023\/02\/Vila-deste-2x3-reduzida-21.webp\" alt=\"\" class=\"wp-image-661\"\/><\/figure>\n<\/div>\n\n\n\n<div class=\"wp-block-column is-vertically-aligned-top is-layout-flow wp-block-column-is-layout-flow\" style=\"flex-basis:66.66%\">\n<h2 class=\"wp-block-heading\">Desayuno Bardot<\/h2>\n\n\n\n<p><em>servido de 08:00 a 13:00 &#8211; para dos personas<\/em><\/p>\n\n\n\n<p>Canasta de pan, mantequilla, miel, mermelada, queso crema, tabla de fiambres, frutas de temporada, yogurt natural, granola, una bebida caliente (t\u00e9, caf\u00e9 o chocolate caliente) y jugo de naranja.<\/p>\n\n\n\n<p><strong>R$ 120,00<\/strong><\/p>\n\n\n\n<p><strong>Este servicio debe programarse antes de la 1:00 p. m. del d\u00eda anterior a trav\u00e9s de la extensi\u00f3n #9.<\/strong><\/p>\n<\/div>\n<\/div>\n\n\n\n<div class=\"wp-block-columns has-white-background-color has-background is-layout-flex wp-container-core-columns-is-layout-9d6595d7 wp-block-columns-is-layout-flex\">\n<div class=\"wp-block-column is-vertically-aligned-top is-layout-flow wp-block-column-is-layout-flow\" style=\"flex-basis:33.33%\">\n<figure class=\"wp-block-image size-full\"><img loading=\"lazy\" decoding=\"async\" width=\"478\" height=\"706\" src=\"https:\/\/viladeste.com.br\/wp-content\/uploads\/2023\/02\/Vila-deste-2x3-reduzida-50.webp\" alt=\"\" class=\"wp-image-669\"\/><\/figure>\n<\/div>\n\n\n\n<div class=\"wp-block-column is-vertically-aligned-top is-layout-flow wp-block-column-is-layout-flow\" style=\"flex-basis:66.66%\">\n<h2 class=\"wp-block-heading\">Desayuno Vila<\/h2>\n\n\n\n<p>servido de 08:00 a 13:00 &#8211; para dos personas<\/p>\n\n\n\n<p>Cesta de pan, mantequilla, miel, mermelada, reques\u00f3n, tabla de fiambres, fruta de temporada, yogur natural, granola, bacon, huevos revueltos, huevo benedictino, una bebida caliente (t\u00e9, caf\u00e9 o chocolate caliente) y zumo de frutas de temporada.<\/p>\n\n\n\n<p>*Panes sin gluten, leche desnatada y sin lactosa disponibles.<\/p>\n\n\n\n<p><strong>R$ 160,00<\/strong><\/p>\n\n\n\n<p><strong>Este servicio debe programarse antes de la 1:00 p. m. del d\u00eda anterior a trav\u00e9s de la extensi\u00f3n #9.<\/strong><\/p>\n<\/div>\n<\/div>\n\n\n\n<div class=\"wp-block-columns has-white-background-color has-background is-layout-flex wp-container-core-columns-is-layout-9d6595d7 wp-block-columns-is-layout-flex\">\n<div class=\"wp-block-column is-vertically-aligned-top is-layout-flow wp-block-column-is-layout-flow\" style=\"flex-basis:33.33%\">\n<div class=\"wp-block-cb-carousel cb-single-slide\" data-slick=\"{&quot;slidesToShow&quot;:1,&quot;slidesToScroll&quot;:1,&quot;speed&quot;:300,&quot;arrows&quot;:false,&quot;dots&quot;:true,&quot;autoplay&quot;:true,&quot;autoplaySpeed&quot;:3000,&quot;infinite&quot;:true,&quot;responsive&quot;:[{&quot;breakpoint&quot;:769,&quot;settings&quot;:{&quot;slidesToShow&quot;:1,&quot;slidesToScroll&quot;:1}}]}\">\n<div class=\"wp-block-cb-slide\">\n<figure class=\"wp-block-image size-full\"><img loading=\"lazy\" decoding=\"async\" width=\"239\" height=\"353\" src=\"https:\/\/viladeste.com.br\/wp-content\/uploads\/2023\/02\/ad91e7_cdf77f3bb0c143b39d7015df23fe975f_mv2.webp\" alt=\"\" class=\"wp-image-678\"\/><\/figure>\n<\/div>\n\n\n\n<div class=\"wp-block-cb-slide\">\n<figure class=\"wp-block-image size-full\"><img loading=\"lazy\" decoding=\"async\" width=\"239\" height=\"353\" src=\"https:\/\/viladeste.com.br\/wp-content\/uploads\/2023\/02\/ad91e7_f72b0083d76e4656a48b18ff3fe005ef_mv2.webp\" alt=\"\" class=\"wp-image-681\"\/><\/figure>\n<\/div>\n\n\n\n<div class=\"wp-block-cb-slide\">\n<figure class=\"wp-block-image size-full\"><img loading=\"lazy\" decoding=\"async\" width=\"239\" height=\"353\" src=\"https:\/\/viladeste.com.br\/wp-content\/uploads\/2023\/02\/ad91e7_193dd1093f0840589af83a23231d3a0b_mv2.webp\" alt=\"\" class=\"wp-image-685\"\/><\/figure>\n<\/div>\n<\/div>\n<\/div>\n\n\n\n<div class=\"wp-block-column is-vertically-aligned-top is-layout-flow wp-block-column-is-layout-flow\" style=\"flex-basis:66.66%\">\n<h2 class=\"wp-block-heading\">Desayuno Flotante<\/h2>\n\n\n\n<p>servido de 08:00 a 20:00 &#8211; para dos personas<\/p>\n\n\n\n<p>Cesta de pan, mantequilla, miel, mermelada, queso crema, tabla especial de fiambres, frutas de temporada, boller\u00eda casera, yogur natural, granola, bacon, huevos a elegir, plato caliente a elegir, tortitas, bebida caliente y bebida fr\u00eda.<\/p>\n\n\n\n<p>Incluye decoraci\u00f3n especial con p\u00e9talos de rosas.<\/p>\n\n\n\n<p>*Panes sin gluten, leche desnatada y sin lactosa disponibles.<\/p>\n\n\n\n<p><strong>R$ <strong>340,00<\/strong><\/strong><\/p>\n\n\n\n<p><strong><strong>Este servicio debe programarse antes de la 1:00 p. m. del d\u00eda anterior a trav\u00e9s de la extensi\u00f3n #9. \/ **Disponible solo en categor\u00edas con piscina o jacuzzi.<\/strong><\/strong><\/p>\n<\/div>\n<\/div>\n\n\n\n<h2 class=\"wp-block-heading has-text-align-center\">Menu<\/h2>\n\n\n\n<div class=\"wp-block-columns is-layout-flex wp-container-core-columns-is-layout-9d6595d7 wp-block-columns-is-layout-flex\">\n<div class=\"wp-block-column is-layout-flow wp-block-column-is-layout-flow\"><div class=\"wp-block-image is-style-rounded\">\n<figure class=\"aligncenter size-full\"><a href=\"https:\/\/viladeste.com.br\/es\/minibar\/\"><img loading=\"lazy\" decoding=\"async\" width=\"1920\" height=\"1280\" src=\"https:\/\/viladeste.com.br\/wp-content\/uploads\/2023\/02\/Vila-deste-6-Reduzida-3x2-24.jpg\" alt=\"\" class=\"wp-image-1177\" srcset=\"https:\/\/viladeste.com.br\/wp-content\/uploads\/2023\/02\/Vila-deste-6-Reduzida-3x2-24.jpg 1920w, https:\/\/viladeste.com.br\/wp-content\/uploads\/2023\/02\/Vila-deste-6-Reduzida-3x2-24-500x333.jpg 500w, https:\/\/viladeste.com.br\/wp-content\/uploads\/2023\/02\/Vila-deste-6-Reduzida-3x2-24-800x533.jpg 800w, https:\/\/viladeste.com.br\/wp-content\/uploads\/2023\/02\/Vila-deste-6-Reduzida-3x2-24-768x512.jpg 768w, https:\/\/viladeste.com.br\/wp-content\/uploads\/2023\/02\/Vila-deste-6-Reduzida-3x2-24-1536x1024.jpg 1536w\" sizes=\"auto, (max-width: 1920px) 100vw, 1920px\" \/><\/a><figcaption class=\"wp-element-caption\"><a href=\"https:\/\/viladeste.com.br\/es\/minibar\/\" data-type=\"page\" data-id=\"640\">MINIBAR<\/a><\/figcaption><\/figure>\n<\/div>\n\n<div class=\"wp-block-image is-style-rounded\">\n<figure class=\"aligncenter size-full\"><a href=\"https:\/\/viladeste.com.br\/es\/seu-quarto-your-room\/\"><img loading=\"lazy\" decoding=\"async\" width=\"1920\" height=\"1280\" src=\"https:\/\/viladeste.com.br\/wp-content\/uploads\/2023\/02\/Vila-deste-6-Reduzida-3x2-4.jpg\" alt=\"\" class=\"wp-image-1180\" srcset=\"https:\/\/viladeste.com.br\/wp-content\/uploads\/2023\/02\/Vila-deste-6-Reduzida-3x2-4.jpg 1920w, https:\/\/viladeste.com.br\/wp-content\/uploads\/2023\/02\/Vila-deste-6-Reduzida-3x2-4-500x333.jpg 500w, https:\/\/viladeste.com.br\/wp-content\/uploads\/2023\/02\/Vila-deste-6-Reduzida-3x2-4-800x533.jpg 800w, https:\/\/viladeste.com.br\/wp-content\/uploads\/2023\/02\/Vila-deste-6-Reduzida-3x2-4-768x512.jpg 768w, https:\/\/viladeste.com.br\/wp-content\/uploads\/2023\/02\/Vila-deste-6-Reduzida-3x2-4-1536x1024.jpg 1536w\" sizes=\"auto, (max-width: 1920px) 100vw, 1920px\" \/><\/a><figcaption class=\"wp-element-caption\"><a href=\"https:\/\/viladeste.com.br\/es\/seu-quarto-your-room\/\" data-type=\"page\" data-id=\"1122\">DIRET\u00d3RIO<\/a><\/figcaption><\/figure>\n<\/div>\n\n<div class=\"wp-block-image is-style-rounded\">\n<figure class=\"aligncenter size-large\"><a href=\"https:\/\/viladeste.com.br\/es\/massagens\/\"><img loading=\"lazy\" decoding=\"async\" width=\"800\" height=\"534\" src=\"https:\/\/viladeste.com.br\/wp-content\/uploads\/2023\/04\/massagens-800x534.jpg\" alt=\"\" class=\"wp-image-1630\" srcset=\"https:\/\/viladeste.com.br\/wp-content\/uploads\/2023\/04\/massagens-800x534.jpg 800w, https:\/\/viladeste.com.br\/wp-content\/uploads\/2023\/04\/massagens-500x334.jpg 500w, https:\/\/viladeste.com.br\/wp-content\/uploads\/2023\/04\/massagens-768x513.jpg 768w, https:\/\/viladeste.com.br\/wp-content\/uploads\/2023\/04\/massagens.jpg 1500w\" sizes=\"auto, (max-width: 800px) 100vw, 800px\" \/><\/a><figcaption class=\"wp-element-caption\"><a href=\"https:\/\/viladeste.com.br\/es\/massagens\/\">MASSAGENS<\/a><\/figcaption><\/figure>\n<\/div><\/div>\n\n\n\n<div class=\"wp-block-column is-layout-flow wp-block-column-is-layout-flow\"><div class=\"wp-block-image is-style-rounded\">\n<figure class=\"aligncenter size-full\"><a href=\"https:\/\/viladeste.com.br\/es\/room-service\/\"><img loading=\"lazy\" decoding=\"async\" width=\"732\" height=\"488\" src=\"https:\/\/viladeste.com.br\/wp-content\/uploads\/2023\/02\/Vila-deste-6-Reduzida-3x2-21.webp\" alt=\"\" class=\"wp-image-648\"\/><\/a><figcaption class=\"wp-element-caption\"><a href=\"https:\/\/viladeste.com.br\/es\/room-service\/\" data-type=\"page\" data-id=\"657\">ROOM SERVICE<\/a><\/figcaption><\/figure>\n<\/div>\n\n<div class=\"wp-block-image is-style-rounded\">\n<figure class=\"aligncenter size-full\"><a href=\"https:\/\/www.alttobuzios.com.br\/menus\"><img decoding=\"async\" src=\"https:\/\/viladeste.com.br\/wp-content\/uploads\/2023\/02\/Vila-deste-6-Reduzida-3x2-74.webp\" alt=\"\" class=\"wp-image-651\"\/><\/a><figcaption class=\"wp-element-caption\"><a href=\"https:\/\/www.alttobuzios.com.br\/menus\" target=\"_blank\" rel=\"noreferrer noopener\">ALTTO RISTORANTE<\/a><\/figcaption><\/figure>\n<\/div>\n\n<div class=\"wp-block-image is-style-rounded\">\n<figure class=\"aligncenter size-large\"><a href=\"https:\/\/viladeste.com.br\/es\/politicas-do-hotel\/\"><img loading=\"lazy\" decoding=\"async\" width=\"800\" height=\"534\" src=\"https:\/\/viladeste.com.br\/wp-content\/uploads\/2023\/04\/politica-800x534.jpg\" alt=\"\" class=\"wp-image-1592\" srcset=\"https:\/\/viladeste.com.br\/wp-content\/uploads\/2023\/04\/politica-800x534.jpg 800w, https:\/\/viladeste.com.br\/wp-content\/uploads\/2023\/04\/politica-500x334.jpg 500w, https:\/\/viladeste.com.br\/wp-content\/uploads\/2023\/04\/politica-768x513.jpg 768w, https:\/\/viladeste.com.br\/wp-content\/uploads\/2023\/04\/politica.jpg 818w\" sizes=\"auto, (max-width: 800px) 100vw, 800px\" \/><\/a><figcaption class=\"wp-element-caption\"><a href=\"https:\/\/viladeste.com.br\/es\/politicas-do-hotel\/\" target=\"_blank\" rel=\"noreferrer noopener\">POL\u00cdTICAS DO HOTEL<\/a><\/figcaption><\/figure>\n<\/div><\/div>\n<\/div>\n","protected":false},"excerpt":{"rendered":"<p>Desayuno Continental Ligero servido de 01:00 a 07:30 &#8211; para dos personas Canasta de pan, mantequilla, miel, mermelada, queso crema, frutas de estaci\u00f3n, caf\u00e9, leche y jugo de naranja. Sin costo Desayuno servido en el Gazebo, especialmente para los hu\u00e9spedes que no puedan asistir al desayuno de 08:00 a 11:00. Este servicio debe programarse antes [&hellip;]<\/p>\n","protected":false},"author":1,"featured_media":0,"parent":0,"menu_order":0,"comment_status":"closed","ping_status":"closed","template":"page-full-width.php","meta":{"inline_featured_image":false,"footnotes":""},"class_list":["post-1231","page","type-page","status-publish","hentry"],"yoast_head":"<!-- This site is optimized with the Yoast SEO plugin v27.2 - https:\/\/yoast.com\/product\/yoast-seo-wordpress\/ -->\n<title>Room Service - Hotel Vila d&#039;este<\/title>\n<meta name=\"robots\" content=\"index, follow, max-snippet:-1, max-image-preview:large, max-video-preview:-1\" \/>\n<link rel=\"canonical\" href=\"https:\/\/viladeste.com.br\/es\/room-service\/\" \/>\n<meta property=\"og:locale\" content=\"es_ES\" \/>\n<meta property=\"og:type\" content=\"article\" \/>\n<meta property=\"og:title\" content=\"Room Service - Hotel Vila d&#039;este\" \/>\n<meta property=\"og:description\" content=\"Desayuno Continental Ligero servido de 01:00 a 07:30 &#8211; para dos personas Canasta de pan, mantequilla, miel, mermelada, queso crema, frutas de estaci\u00f3n, caf\u00e9, leche y jugo de naranja. Sin costo Desayuno servido en el Gazebo, especialmente para los hu\u00e9spedes que no puedan asistir al desayuno de 08:00 a 11:00. Este servicio debe programarse antes [&hellip;]\" \/>\n<meta property=\"og:url\" content=\"https:\/\/viladeste.com.br\/es\/room-service\/\" \/>\n<meta property=\"og:site_name\" content=\"Hotel Vila d&#039;este\" \/>\n<meta property=\"article:publisher\" content=\"https:\/\/www.facebook.com\/viladestebuzios\/\" \/>\n<meta property=\"article:modified_time\" content=\"2023-04-28T11:48:14+00:00\" \/>\n<meta property=\"og:image\" content=\"https:\/\/viladeste.com.br\/wp-content\/uploads\/2023\/02\/Vila-deste-3x2-reduzida-14.webp\" \/>\n<meta name=\"twitter:card\" content=\"summary_large_image\" \/>\n<meta name=\"twitter:label1\" content=\"Tiempo de lectura\" \/>\n\t<meta name=\"twitter:data1\" content=\"5 minutos\" \/>\n<script type=\"application\/ld+json\" class=\"yoast-schema-graph\">{\"@context\":\"https:\/\/schema.org\",\"@graph\":[{\"@type\":\"WebPage\",\"@id\":\"https:\/\/viladeste.com.br\/es\/room-service\/\",\"url\":\"https:\/\/viladeste.com.br\/es\/room-service\/\",\"name\":\"Room Service - Hotel Vila d&#039;este\",\"isPartOf\":{\"@id\":\"https:\/\/viladeste.com.br\/#website\"},\"primaryImageOfPage\":{\"@id\":\"https:\/\/viladeste.com.br\/es\/room-service\/#primaryimage\"},\"image\":{\"@id\":\"https:\/\/viladeste.com.br\/es\/room-service\/#primaryimage\"},\"thumbnailUrl\":\"https:\/\/viladeste.com.br\/wp-content\/uploads\/2023\/02\/Vila-deste-3x2-reduzida-14.webp\",\"datePublished\":\"2023-02-20T11:48:35+00:00\",\"dateModified\":\"2023-04-28T11:48:14+00:00\",\"breadcrumb\":{\"@id\":\"https:\/\/viladeste.com.br\/es\/room-service\/#breadcrumb\"},\"inLanguage\":\"es\",\"potentialAction\":[{\"@type\":\"ReadAction\",\"target\":[\"https:\/\/viladeste.com.br\/es\/room-service\/\"]}]},{\"@type\":\"ImageObject\",\"inLanguage\":\"es\",\"@id\":\"https:\/\/viladeste.com.br\/es\/room-service\/#primaryimage\",\"url\":\"https:\/\/viladeste.com.br\/wp-content\/uploads\/2023\/02\/Vila-deste-3x2-reduzida-14.webp\",\"contentUrl\":\"https:\/\/viladeste.com.br\/wp-content\/uploads\/2023\/02\/Vila-deste-3x2-reduzida-14.webp\"},{\"@type\":\"BreadcrumbList\",\"@id\":\"https:\/\/viladeste.com.br\/es\/room-service\/#breadcrumb\",\"itemListElement\":[{\"@type\":\"ListItem\",\"position\":1,\"name\":\"In\u00edcio\",\"item\":\"https:\/\/viladeste.com.br\/es\/\"},{\"@type\":\"ListItem\",\"position\":2,\"name\":\"Room Service\"}]},{\"@type\":\"WebSite\",\"@id\":\"https:\/\/viladeste.com.br\/#website\",\"url\":\"https:\/\/viladeste.com.br\/\",\"name\":\"Hotel Vila d'este\",\"description\":\"B\u00fazios Original\",\"publisher\":{\"@id\":\"https:\/\/viladeste.com.br\/#organization\"},\"potentialAction\":[{\"@type\":\"SearchAction\",\"target\":{\"@type\":\"EntryPoint\",\"urlTemplate\":\"https:\/\/viladeste.com.br\/?s={search_term_string}\"},\"query-input\":{\"@type\":\"PropertyValueSpecification\",\"valueRequired\":true,\"valueName\":\"search_term_string\"}}],\"inLanguage\":\"es\"},{\"@type\":\"Organization\",\"@id\":\"https:\/\/viladeste.com.br\/#organization\",\"name\":\"Hotel Vila d'este\",\"url\":\"https:\/\/viladeste.com.br\/\",\"logo\":{\"@type\":\"ImageObject\",\"inLanguage\":\"es\",\"@id\":\"https:\/\/viladeste.com.br\/#\/schema\/logo\/image\/\",\"url\":\"https:\/\/viladeste.com.br\/wp-content\/uploads\/2023\/02\/Vila-D-Este_Branding_Logo_2.png\",\"contentUrl\":\"https:\/\/viladeste.com.br\/wp-content\/uploads\/2023\/02\/Vila-D-Este_Branding_Logo_2.png\",\"width\":875,\"height\":285,\"caption\":\"Hotel Vila d'este\"},\"image\":{\"@id\":\"https:\/\/viladeste.com.br\/#\/schema\/logo\/image\/\"},\"sameAs\":[\"https:\/\/www.facebook.com\/viladestebuzios\/\",\"https:\/\/www.instagram.com\/viladestebuzios\/\"]}]}<\/script>\n<!-- \/ Yoast SEO plugin. -->","yoast_head_json":{"title":"Room Service - Hotel Vila d&#039;este","robots":{"index":"index","follow":"follow","max-snippet":"max-snippet:-1","max-image-preview":"max-image-preview:large","max-video-preview":"max-video-preview:-1"},"canonical":"https:\/\/viladeste.com.br\/es\/room-service\/","og_locale":"es_ES","og_type":"article","og_title":"Room Service - Hotel Vila d&#039;este","og_description":"Desayuno Continental Ligero servido de 01:00 a 07:30 &#8211; para dos personas Canasta de pan, mantequilla, miel, mermelada, queso crema, frutas de estaci\u00f3n, caf\u00e9, leche y jugo de naranja. Sin costo Desayuno servido en el Gazebo, especialmente para los hu\u00e9spedes que no puedan asistir al desayuno de 08:00 a 11:00. Este servicio debe programarse antes [&hellip;]","og_url":"https:\/\/viladeste.com.br\/es\/room-service\/","og_site_name":"Hotel Vila d&#039;este","article_publisher":"https:\/\/www.facebook.com\/viladestebuzios\/","article_modified_time":"2023-04-28T11:48:14+00:00","og_image":[{"url":"https:\/\/viladeste.com.br\/wp-content\/uploads\/2023\/02\/Vila-deste-3x2-reduzida-14.webp","type":"","width":"","height":""}],"twitter_card":"summary_large_image","twitter_misc":{"Tiempo de lectura":"5 minutos"},"schema":{"@context":"https:\/\/schema.org","@graph":[{"@type":"WebPage","@id":"https:\/\/viladeste.com.br\/es\/room-service\/","url":"https:\/\/viladeste.com.br\/es\/room-service\/","name":"Room Service - Hotel Vila d&#039;este","isPartOf":{"@id":"https:\/\/viladeste.com.br\/#website"},"primaryImageOfPage":{"@id":"https:\/\/viladeste.com.br\/es\/room-service\/#primaryimage"},"image":{"@id":"https:\/\/viladeste.com.br\/es\/room-service\/#primaryimage"},"thumbnailUrl":"https:\/\/viladeste.com.br\/wp-content\/uploads\/2023\/02\/Vila-deste-3x2-reduzida-14.webp","datePublished":"2023-02-20T11:48:35+00:00","dateModified":"2023-04-28T11:48:14+00:00","breadcrumb":{"@id":"https:\/\/viladeste.com.br\/es\/room-service\/#breadcrumb"},"inLanguage":"es","potentialAction":[{"@type":"ReadAction","target":["https:\/\/viladeste.com.br\/es\/room-service\/"]}]},{"@type":"ImageObject","inLanguage":"es","@id":"https:\/\/viladeste.com.br\/es\/room-service\/#primaryimage","url":"https:\/\/viladeste.com.br\/wp-content\/uploads\/2023\/02\/Vila-deste-3x2-reduzida-14.webp","contentUrl":"https:\/\/viladeste.com.br\/wp-content\/uploads\/2023\/02\/Vila-deste-3x2-reduzida-14.webp"},{"@type":"BreadcrumbList","@id":"https:\/\/viladeste.com.br\/es\/room-service\/#breadcrumb","itemListElement":[{"@type":"ListItem","position":1,"name":"In\u00edcio","item":"https:\/\/viladeste.com.br\/es\/"},{"@type":"ListItem","position":2,"name":"Room Service"}]},{"@type":"WebSite","@id":"https:\/\/viladeste.com.br\/#website","url":"https:\/\/viladeste.com.br\/","name":"Hotel Vila d'este","description":"B\u00fazios Original","publisher":{"@id":"https:\/\/viladeste.com.br\/#organization"},"potentialAction":[{"@type":"SearchAction","target":{"@type":"EntryPoint","urlTemplate":"https:\/\/viladeste.com.br\/?s={search_term_string}"},"query-input":{"@type":"PropertyValueSpecification","valueRequired":true,"valueName":"search_term_string"}}],"inLanguage":"es"},{"@type":"Organization","@id":"https:\/\/viladeste.com.br\/#organization","name":"Hotel Vila d'este","url":"https:\/\/viladeste.com.br\/","logo":{"@type":"ImageObject","inLanguage":"es","@id":"https:\/\/viladeste.com.br\/#\/schema\/logo\/image\/","url":"https:\/\/viladeste.com.br\/wp-content\/uploads\/2023\/02\/Vila-D-Este_Branding_Logo_2.png","contentUrl":"https:\/\/viladeste.com.br\/wp-content\/uploads\/2023\/02\/Vila-D-Este_Branding_Logo_2.png","width":875,"height":285,"caption":"Hotel Vila d'este"},"image":{"@id":"https:\/\/viladeste.com.br\/#\/schema\/logo\/image\/"},"sameAs":["https:\/\/www.facebook.com\/viladestebuzios\/","https:\/\/www.instagram.com\/viladestebuzios\/"]}]}},"_links":{"self":[{"href":"https:\/\/viladeste.com.br\/es\/wp-json\/wp\/v2\/pages\/1231","targetHints":{"allow":["GET"]}}],"collection":[{"href":"https:\/\/viladeste.com.br\/es\/wp-json\/wp\/v2\/pages"}],"about":[{"href":"https:\/\/viladeste.com.br\/es\/wp-json\/wp\/v2\/types\/page"}],"author":[{"embeddable":true,"href":"https:\/\/viladeste.com.br\/es\/wp-json\/wp\/v2\/users\/1"}],"replies":[{"embeddable":true,"href":"https:\/\/viladeste.com.br\/es\/wp-json\/wp\/v2\/comments?post=1231"}],"version-history":[{"count":5,"href":"https:\/\/viladeste.com.br\/es\/wp-json\/wp\/v2\/pages\/1231\/revisions"}],"predecessor-version":[{"id":1697,"href":"https:\/\/viladeste.com.br\/es\/wp-json\/wp\/v2\/pages\/1231\/revisions\/1697"}],"wp:attachment":[{"href":"https:\/\/viladeste.com.br\/es\/wp-json\/wp\/v2\/media?parent=1231"}],"curies":[{"name":"wp","href":"https:\/\/api.w.org\/{rel}","templated":true}]}}