{"id":1235,"date":"2023-02-20T08:43:23","date_gmt":"2023-02-20T11:43:23","guid":{"rendered":"https:\/\/viladeste.com.br\/minibar\/"},"modified":"2025-11-28T10:35:23","modified_gmt":"2025-11-28T13:35:23","slug":"minibar","status":"publish","type":"page","link":"https:\/\/viladeste.com.br\/es\/minibar\/","title":{"rendered":"Minibar"},"content":{"rendered":"\n<h3 class=\"wp-block-heading\"><strong>Bebidas | Beverages<\/strong><\/h3>\n\n\n\n<div class=\"wp-block-group\"><div class=\"wp-block-group__inner-container is-layout-constrained wp-block-group-is-layout-constrained\">\n<div class=\"wp-block-columns is-layout-flex wp-container-core-columns-is-layout-9d6595d7 wp-block-columns-is-layout-flex\">\n<div class=\"wp-block-column is-vertically-aligned-top is-layout-flow wp-block-column-is-layout-flow\" style=\"flex-basis:100%\">\n<figure class=\"wp-block-table is-style-stripes\"><table class=\"has-background\" style=\"background-color:#ffffff00\"><tbody><tr><td>\u00c1gua mineral sem g\u00e1s | Still water<\/td><td class=\"has-text-align-right\" data-align=\"right\">11<\/td><\/tr><tr><td>\u00c1gua mineral com g\u00e1s | Sparkling&nbsp; water<\/td><td class=\"has-text-align-right\" data-align=\"right\">11<\/td><\/tr><tr><td>Refrigerantes | Soda<\/td><td class=\"has-text-align-right\" data-align=\"right\">12<\/td><\/tr><tr><td>Cervejas | Beer<\/td><td class=\"has-text-align-right\" data-align=\"right\">20<\/td><\/tr><tr><td>Espumante | Sparkling wine <sub>375ml<\/sub><\/td><td class=\"has-text-align-right\" data-align=\"right\">135<\/td><\/tr><tr><td>Vinho Branco | White Wine <sub>187,5ml<\/sub><\/td><td class=\"has-text-align-right\" data-align=\"right\">85<\/td><\/tr><tr><td>Vinho Tinto| Red Wine <sub>187,5ml<\/sub><\/td><td class=\"has-text-align-right\" data-align=\"right\">85<\/td><\/tr><tr><td>Espresso <sub>por c\u00e1psula | each<\/sub><\/td><td class=\"has-text-align-right\" data-align=\"right\">10<\/td><\/tr><\/tbody><\/table><\/figure>\n<\/div>\n<\/div>\n<\/div><\/div>\n\n\n\n<h3 class=\"wp-block-heading\"><strong>Drinks | Cocktails<\/strong><\/h3>\n\n\n\n<figure class=\"wp-block-table is-style-stripes\"><table><tbody><tr><td>Negroni <sub>serve duas pessoas | serves 2<\/sub><\/td><td class=\"has-text-align-right\" data-align=\"right\">38<\/td><\/tr><tr><td>Sur L&#8217;Orange <sub>serve duas pessoas | serves 2<\/sub><\/td><td class=\"has-text-align-right\" data-align=\"right\">42<\/td><\/tr><\/tbody><\/table><\/figure>\n\n\n\n<h3 class=\"wp-block-heading\"><strong>Snacks<\/strong><\/h3>\n\n\n\n<figure class=\"wp-block-table is-style-stripes\"><table><tbody><tr><td>Kalassi Chips<\/td><td class=\"has-text-align-right\" data-align=\"right\">20<\/td><\/tr><tr><td>Batatas chips | Chips<\/td><td class=\"has-text-align-right\" data-align=\"right\">20<\/td><\/tr><tr><td>Castanhas | Cashews<\/td><td class=\"has-text-align-right\" data-align=\"right\">24<\/td><\/tr><tr><td>Chocolates<\/td><td class=\"has-text-align-right\" data-align=\"right\">9<\/td><\/tr><\/tbody><\/table><\/figure>\n\n\n\n<h3 class=\"wp-block-heading\"><strong>Amenities<\/strong><\/h3>\n\n\n\n<figure class=\"wp-block-table is-style-stripes\"><table><tbody><tr><td>Hidratante corporal | Body lotion<\/td><td class=\"has-text-align-right\" data-align=\"right\">25<\/td><\/tr><tr><td>Sabonete l\u00edquido | Liquid soap <sub>250ml<\/sub><\/td><td class=\"has-text-align-right\" data-align=\"right\">20<\/td><\/tr><tr><td>Sabonete l\u00edquido | Liquid soap <sub>350ml<\/sub><\/td><td class=\"has-text-align-right\" data-align=\"right\">25<\/td><\/tr><tr><td>Shampoo<\/td><td class=\"has-text-align-right\" data-align=\"right\">25<\/td><\/tr><tr><td>Condicionador | Conditioner<\/td><td class=\"has-text-align-right\" data-align=\"right\">28<\/td><\/tr><\/tbody><\/table><\/figure>\n\n\n\n<div class=\"wp-block-columns is-layout-flex wp-container-core-columns-is-layout-9d6595d7 wp-block-columns-is-layout-flex\">\n<div class=\"wp-block-column is-layout-flow wp-block-column-is-layout-flow\" style=\"flex-basis:100%\">\n<div style=\"height:50px\" aria-hidden=\"true\" class=\"wp-block-spacer\"><\/div>\n\n\n\n<figure class=\"wp-block-pullquote has-small-font-size\"><blockquote><p><strong>Teremos prazer em climatizar seu vinho em um balde de gelo ou providenciar gelo para um de nossos drinks engarrafados,<br>basta solicitar ao servi\u00e7o de quarto.<br><em>We would be delighted to cool your wine in an ice bucket or arrange ice for one of our bottled beverages. Please feel free to request this through our room service.<\/em><\/strong><\/p><cite><img loading=\"lazy\" decoding=\"async\" width=\"100\" height=\"100\" class=\"wp-image-1189\" style=\"width: 100px;\" src=\"https:\/\/viladeste.com.br\/wp-content\/uploads\/2023\/02\/champagne.svg\" alt=\"\"><\/cite><\/blockquote><\/figure>\n\n\n\n<h5 class=\"wp-block-heading\">&nbsp;<\/h5>\n\n\n\n<p>*Sujeito aos hor\u00e1rios de atendimento do servi\u00e7o de quarto.<em>* Subject to room service hours.<\/em>*Pre\u00e7os em R$.**Itens retirados do frigobar ser\u00e3o cobrados.***Pre\u00e7os unit\u00e1rios.<em>*Prices in R$.<\/em><em>**Itens removed from the minibar will be charged.<\/em><em>***Prices per unit.<\/em><\/p>\n<\/div>\n<\/div>\n\n\n\n<h2 class=\"wp-block-heading has-text-align-center\">Menu<\/h2>\n\n\n\n<div class=\"wp-block-columns is-layout-flex wp-container-core-columns-is-layout-9d6595d7 wp-block-columns-is-layout-flex\">\n<div class=\"wp-block-column is-layout-flow wp-block-column-is-layout-flow\"><div class=\"wp-block-image is-style-rounded\">\n<figure class=\"aligncenter size-full\"><a href=\"https:\/\/viladeste.com.br\/es\/minibar\/\"><img loading=\"lazy\" decoding=\"async\" width=\"1920\" height=\"1280\" src=\"https:\/\/viladeste.com.br\/wp-content\/uploads\/2023\/02\/Vila-deste-6-Reduzida-3x2-24.jpg\" alt=\"\" class=\"wp-image-1177\" srcset=\"https:\/\/viladeste.com.br\/wp-content\/uploads\/2023\/02\/Vila-deste-6-Reduzida-3x2-24.jpg 1920w, https:\/\/viladeste.com.br\/wp-content\/uploads\/2023\/02\/Vila-deste-6-Reduzida-3x2-24-500x333.jpg 500w, https:\/\/viladeste.com.br\/wp-content\/uploads\/2023\/02\/Vila-deste-6-Reduzida-3x2-24-800x533.jpg 800w, https:\/\/viladeste.com.br\/wp-content\/uploads\/2023\/02\/Vila-deste-6-Reduzida-3x2-24-768x512.jpg 768w, https:\/\/viladeste.com.br\/wp-content\/uploads\/2023\/02\/Vila-deste-6-Reduzida-3x2-24-1536x1024.jpg 1536w\" sizes=\"auto, (max-width: 1920px) 100vw, 1920px\" \/><\/a><figcaption class=\"wp-element-caption\"><a href=\"https:\/\/viladeste.com.br\/es\/minibar\/\" data-type=\"page\" data-id=\"640\">MINIBAR<\/a><\/figcaption><\/figure>\n<\/div>\n\n<div class=\"wp-block-image is-style-rounded\">\n<figure class=\"aligncenter size-full\"><a href=\"https:\/\/viladeste.com.br\/es\/seu-quarto-your-room\/\"><img loading=\"lazy\" decoding=\"async\" width=\"1920\" height=\"1280\" src=\"https:\/\/viladeste.com.br\/wp-content\/uploads\/2023\/02\/Vila-deste-6-Reduzida-3x2-4.jpg\" alt=\"\" class=\"wp-image-1180\" srcset=\"https:\/\/viladeste.com.br\/wp-content\/uploads\/2023\/02\/Vila-deste-6-Reduzida-3x2-4.jpg 1920w, https:\/\/viladeste.com.br\/wp-content\/uploads\/2023\/02\/Vila-deste-6-Reduzida-3x2-4-500x333.jpg 500w, https:\/\/viladeste.com.br\/wp-content\/uploads\/2023\/02\/Vila-deste-6-Reduzida-3x2-4-800x533.jpg 800w, https:\/\/viladeste.com.br\/wp-content\/uploads\/2023\/02\/Vila-deste-6-Reduzida-3x2-4-768x512.jpg 768w, https:\/\/viladeste.com.br\/wp-content\/uploads\/2023\/02\/Vila-deste-6-Reduzida-3x2-4-1536x1024.jpg 1536w\" sizes=\"auto, (max-width: 1920px) 100vw, 1920px\" \/><\/a><figcaption class=\"wp-element-caption\"><a href=\"https:\/\/viladeste.com.br\/es\/seu-quarto-your-room\/\" data-type=\"page\" data-id=\"1122\">DIRET\u00d3RIO<\/a><\/figcaption><\/figure>\n<\/div>\n\n<div class=\"wp-block-image is-style-rounded\">\n<figure class=\"aligncenter size-large\"><a href=\"https:\/\/viladeste.com.br\/es\/massagens\/\"><img loading=\"lazy\" decoding=\"async\" width=\"800\" height=\"534\" src=\"https:\/\/viladeste.com.br\/wp-content\/uploads\/2023\/04\/massagens-800x534.jpg\" alt=\"\" class=\"wp-image-1628\" srcset=\"https:\/\/viladeste.com.br\/wp-content\/uploads\/2023\/04\/massagens-800x534.jpg 800w, https:\/\/viladeste.com.br\/wp-content\/uploads\/2023\/04\/massagens-500x334.jpg 500w, https:\/\/viladeste.com.br\/wp-content\/uploads\/2023\/04\/massagens-768x513.jpg 768w, https:\/\/viladeste.com.br\/wp-content\/uploads\/2023\/04\/massagens.jpg 1500w\" sizes=\"auto, (max-width: 800px) 100vw, 800px\" \/><\/a><figcaption class=\"wp-element-caption\"><a href=\"https:\/\/viladeste.com.br\/es\/massagens\/\">MASSAGENS<\/a><\/figcaption><\/figure>\n<\/div><\/div>\n\n\n\n<div class=\"wp-block-column is-layout-flow wp-block-column-is-layout-flow\"><div class=\"wp-block-image is-style-rounded\">\n<figure class=\"aligncenter size-full\"><a href=\"https:\/\/viladeste.com.br\/es\/room-service\/\"><img loading=\"lazy\" decoding=\"async\" width=\"732\" height=\"488\" src=\"https:\/\/viladeste.com.br\/wp-content\/uploads\/2023\/02\/Vila-deste-6-Reduzida-3x2-21.webp\" alt=\"\" class=\"wp-image-648\"\/><\/a><figcaption class=\"wp-element-caption\"><a href=\"https:\/\/viladeste.com.br\/es\/room-service\/\" data-type=\"page\" data-id=\"657\">ROOM SERVICE<\/a><\/figcaption><\/figure>\n<\/div>\n\n<div class=\"wp-block-image is-style-rounded\">\n<figure class=\"aligncenter size-full\"><a href=\"https:\/\/www.alttobuzios.com.br\/menus\"><img decoding=\"async\" src=\"https:\/\/viladeste.com.br\/wp-content\/uploads\/2023\/02\/Vila-deste-6-Reduzida-3x2-74.webp\" alt=\"\" class=\"wp-image-651\"\/><\/a><figcaption class=\"wp-element-caption\"><a href=\"https:\/\/www.alttobuzios.com.br\/menus\" target=\"_blank\" rel=\"noreferrer noopener\">ALTTO RISTORANTE<\/a><\/figcaption><\/figure>\n<\/div>\n\n<div class=\"wp-block-image is-style-rounded\">\n<figure class=\"aligncenter size-large\"><a href=\"https:\/\/viladeste.com.br\/es\/politicas-do-hotel\/\"><img loading=\"lazy\" decoding=\"async\" width=\"800\" height=\"534\" src=\"https:\/\/viladeste.com.br\/wp-content\/uploads\/2023\/04\/politica-800x534.jpg\" alt=\"\" class=\"wp-image-1590\" srcset=\"https:\/\/viladeste.com.br\/wp-content\/uploads\/2023\/04\/politica-800x534.jpg 800w, https:\/\/viladeste.com.br\/wp-content\/uploads\/2023\/04\/politica-500x334.jpg 500w, https:\/\/viladeste.com.br\/wp-content\/uploads\/2023\/04\/politica-768x513.jpg 768w, https:\/\/viladeste.com.br\/wp-content\/uploads\/2023\/04\/politica.jpg 818w\" sizes=\"auto, (max-width: 800px) 100vw, 800px\" \/><\/a><figcaption class=\"wp-element-caption\"><a href=\"https:\/\/viladeste.com.br\/es\/politicas-do-hotel\/\" target=\"_blank\" rel=\"noreferrer noopener\">POL\u00cdTICAS DO HOTEL<\/a><\/figcaption><\/figure>\n<\/div><\/div>\n<\/div>\n","protected":false},"excerpt":{"rendered":"<p>Bebidas | Beverages \u00c1gua mineral sem g\u00e1s | Still water 11 \u00c1gua mineral com g\u00e1s | Sparkling&nbsp; water 11 Refrigerantes | Soda 12 Cervejas | Beer 20 Espumante | Sparkling wine 375ml 135 Vinho Branco | White Wine 187,5ml 85 Vinho Tinto| Red Wine 187,5ml 85 Espresso por c\u00e1psula | each 10 Drinks | Cocktails [&hellip;]<\/p>\n","protected":false},"author":1,"featured_media":0,"parent":0,"menu_order":0,"comment_status":"closed","ping_status":"closed","template":"page-full-width.php","meta":{"inline_featured_image":false,"footnotes":""},"class_list":["post-1235","page","type-page","status-publish","hentry"],"yoast_head":"<!-- This site is optimized with the Yoast SEO plugin v27.2 - https:\/\/yoast.com\/product\/yoast-seo-wordpress\/ -->\n<title>Minibar - Hotel Vila d&#039;este<\/title>\n<meta name=\"robots\" content=\"index, follow, max-snippet:-1, max-image-preview:large, max-video-preview:-1\" \/>\n<link rel=\"canonical\" href=\"https:\/\/viladeste.com.br\/es\/minibar\/\" \/>\n<meta property=\"og:locale\" content=\"es_ES\" \/>\n<meta property=\"og:type\" content=\"article\" \/>\n<meta property=\"og:title\" content=\"Minibar - Hotel Vila d&#039;este\" \/>\n<meta property=\"og:description\" content=\"Bebidas | Beverages \u00c1gua mineral sem g\u00e1s | Still water 11 \u00c1gua mineral com g\u00e1s | Sparkling&nbsp; water 11 Refrigerantes | Soda 12 Cervejas | Beer 20 Espumante | Sparkling wine 375ml 135 Vinho Branco | White Wine 187,5ml 85 Vinho Tinto| Red Wine 187,5ml 85 Espresso por c\u00e1psula | each 10 Drinks | Cocktails [&hellip;]\" \/>\n<meta property=\"og:url\" content=\"https:\/\/viladeste.com.br\/es\/minibar\/\" \/>\n<meta property=\"og:site_name\" content=\"Hotel Vila d&#039;este\" \/>\n<meta property=\"article:publisher\" content=\"https:\/\/www.facebook.com\/viladestebuzios\/\" \/>\n<meta property=\"article:modified_time\" content=\"2025-11-28T13:35:23+00:00\" \/>\n<meta name=\"twitter:card\" content=\"summary_large_image\" \/>\n<meta name=\"twitter:label1\" content=\"Tiempo de lectura\" \/>\n\t<meta name=\"twitter:data1\" content=\"3 minutos\" \/>\n<script type=\"application\/ld+json\" class=\"yoast-schema-graph\">{\"@context\":\"https:\/\/schema.org\",\"@graph\":[{\"@type\":\"WebPage\",\"@id\":\"https:\/\/viladeste.com.br\/es\/minibar\/\",\"url\":\"https:\/\/viladeste.com.br\/es\/minibar\/\",\"name\":\"Minibar - Hotel Vila d&#039;este\",\"isPartOf\":{\"@id\":\"https:\/\/viladeste.com.br\/#website\"},\"primaryImageOfPage\":{\"@id\":\"https:\/\/viladeste.com.br\/es\/minibar\/#primaryimage\"},\"image\":{\"@id\":\"https:\/\/viladeste.com.br\/es\/minibar\/#primaryimage\"},\"thumbnailUrl\":\"https:\/\/viladeste.com.br\/wp-content\/uploads\/2023\/02\/champagne.svg\",\"datePublished\":\"2023-02-20T11:43:23+00:00\",\"dateModified\":\"2025-11-28T13:35:23+00:00\",\"breadcrumb\":{\"@id\":\"https:\/\/viladeste.com.br\/es\/minibar\/#breadcrumb\"},\"inLanguage\":\"es\",\"potentialAction\":[{\"@type\":\"ReadAction\",\"target\":[\"https:\/\/viladeste.com.br\/es\/minibar\/\"]}]},{\"@type\":\"ImageObject\",\"inLanguage\":\"es\",\"@id\":\"https:\/\/viladeste.com.br\/es\/minibar\/#primaryimage\",\"url\":\"https:\/\/viladeste.com.br\/wp-content\/uploads\/2023\/02\/champagne.svg\",\"contentUrl\":\"https:\/\/viladeste.com.br\/wp-content\/uploads\/2023\/02\/champagne.svg\"},{\"@type\":\"BreadcrumbList\",\"@id\":\"https:\/\/viladeste.com.br\/es\/minibar\/#breadcrumb\",\"itemListElement\":[{\"@type\":\"ListItem\",\"position\":1,\"name\":\"In\u00edcio\",\"item\":\"https:\/\/viladeste.com.br\/es\/\"},{\"@type\":\"ListItem\",\"position\":2,\"name\":\"Minibar\"}]},{\"@type\":\"WebSite\",\"@id\":\"https:\/\/viladeste.com.br\/#website\",\"url\":\"https:\/\/viladeste.com.br\/\",\"name\":\"Hotel Vila d'este\",\"description\":\"B\u00fazios Original\",\"publisher\":{\"@id\":\"https:\/\/viladeste.com.br\/#organization\"},\"potentialAction\":[{\"@type\":\"SearchAction\",\"target\":{\"@type\":\"EntryPoint\",\"urlTemplate\":\"https:\/\/viladeste.com.br\/?s={search_term_string}\"},\"query-input\":{\"@type\":\"PropertyValueSpecification\",\"valueRequired\":true,\"valueName\":\"search_term_string\"}}],\"inLanguage\":\"es\"},{\"@type\":\"Organization\",\"@id\":\"https:\/\/viladeste.com.br\/#organization\",\"name\":\"Hotel Vila d'este\",\"url\":\"https:\/\/viladeste.com.br\/\",\"logo\":{\"@type\":\"ImageObject\",\"inLanguage\":\"es\",\"@id\":\"https:\/\/viladeste.com.br\/#\/schema\/logo\/image\/\",\"url\":\"https:\/\/viladeste.com.br\/wp-content\/uploads\/2023\/02\/Vila-D-Este_Branding_Logo_2.png\",\"contentUrl\":\"https:\/\/viladeste.com.br\/wp-content\/uploads\/2023\/02\/Vila-D-Este_Branding_Logo_2.png\",\"width\":875,\"height\":285,\"caption\":\"Hotel Vila d'este\"},\"image\":{\"@id\":\"https:\/\/viladeste.com.br\/#\/schema\/logo\/image\/\"},\"sameAs\":[\"https:\/\/www.facebook.com\/viladestebuzios\/\",\"https:\/\/www.instagram.com\/viladestebuzios\/\"]}]}<\/script>\n<!-- \/ Yoast SEO plugin. -->","yoast_head_json":{"title":"Minibar - Hotel Vila d&#039;este","robots":{"index":"index","follow":"follow","max-snippet":"max-snippet:-1","max-image-preview":"max-image-preview:large","max-video-preview":"max-video-preview:-1"},"canonical":"https:\/\/viladeste.com.br\/es\/minibar\/","og_locale":"es_ES","og_type":"article","og_title":"Minibar - Hotel Vila d&#039;este","og_description":"Bebidas | Beverages \u00c1gua mineral sem g\u00e1s | Still water 11 \u00c1gua mineral com g\u00e1s | Sparkling&nbsp; water 11 Refrigerantes | Soda 12 Cervejas | Beer 20 Espumante | Sparkling wine 375ml 135 Vinho Branco | White Wine 187,5ml 85 Vinho Tinto| Red Wine 187,5ml 85 Espresso por c\u00e1psula | each 10 Drinks | Cocktails [&hellip;]","og_url":"https:\/\/viladeste.com.br\/es\/minibar\/","og_site_name":"Hotel Vila d&#039;este","article_publisher":"https:\/\/www.facebook.com\/viladestebuzios\/","article_modified_time":"2025-11-28T13:35:23+00:00","twitter_card":"summary_large_image","twitter_misc":{"Tiempo de lectura":"3 minutos"},"schema":{"@context":"https:\/\/schema.org","@graph":[{"@type":"WebPage","@id":"https:\/\/viladeste.com.br\/es\/minibar\/","url":"https:\/\/viladeste.com.br\/es\/minibar\/","name":"Minibar - Hotel Vila d&#039;este","isPartOf":{"@id":"https:\/\/viladeste.com.br\/#website"},"primaryImageOfPage":{"@id":"https:\/\/viladeste.com.br\/es\/minibar\/#primaryimage"},"image":{"@id":"https:\/\/viladeste.com.br\/es\/minibar\/#primaryimage"},"thumbnailUrl":"https:\/\/viladeste.com.br\/wp-content\/uploads\/2023\/02\/champagne.svg","datePublished":"2023-02-20T11:43:23+00:00","dateModified":"2025-11-28T13:35:23+00:00","breadcrumb":{"@id":"https:\/\/viladeste.com.br\/es\/minibar\/#breadcrumb"},"inLanguage":"es","potentialAction":[{"@type":"ReadAction","target":["https:\/\/viladeste.com.br\/es\/minibar\/"]}]},{"@type":"ImageObject","inLanguage":"es","@id":"https:\/\/viladeste.com.br\/es\/minibar\/#primaryimage","url":"https:\/\/viladeste.com.br\/wp-content\/uploads\/2023\/02\/champagne.svg","contentUrl":"https:\/\/viladeste.com.br\/wp-content\/uploads\/2023\/02\/champagne.svg"},{"@type":"BreadcrumbList","@id":"https:\/\/viladeste.com.br\/es\/minibar\/#breadcrumb","itemListElement":[{"@type":"ListItem","position":1,"name":"In\u00edcio","item":"https:\/\/viladeste.com.br\/es\/"},{"@type":"ListItem","position":2,"name":"Minibar"}]},{"@type":"WebSite","@id":"https:\/\/viladeste.com.br\/#website","url":"https:\/\/viladeste.com.br\/","name":"Hotel Vila d'este","description":"B\u00fazios Original","publisher":{"@id":"https:\/\/viladeste.com.br\/#organization"},"potentialAction":[{"@type":"SearchAction","target":{"@type":"EntryPoint","urlTemplate":"https:\/\/viladeste.com.br\/?s={search_term_string}"},"query-input":{"@type":"PropertyValueSpecification","valueRequired":true,"valueName":"search_term_string"}}],"inLanguage":"es"},{"@type":"Organization","@id":"https:\/\/viladeste.com.br\/#organization","name":"Hotel Vila d'este","url":"https:\/\/viladeste.com.br\/","logo":{"@type":"ImageObject","inLanguage":"es","@id":"https:\/\/viladeste.com.br\/#\/schema\/logo\/image\/","url":"https:\/\/viladeste.com.br\/wp-content\/uploads\/2023\/02\/Vila-D-Este_Branding_Logo_2.png","contentUrl":"https:\/\/viladeste.com.br\/wp-content\/uploads\/2023\/02\/Vila-D-Este_Branding_Logo_2.png","width":875,"height":285,"caption":"Hotel Vila d'este"},"image":{"@id":"https:\/\/viladeste.com.br\/#\/schema\/logo\/image\/"},"sameAs":["https:\/\/www.facebook.com\/viladestebuzios\/","https:\/\/www.instagram.com\/viladestebuzios\/"]}]}},"_links":{"self":[{"href":"https:\/\/viladeste.com.br\/es\/wp-json\/wp\/v2\/pages\/1235","targetHints":{"allow":["GET"]}}],"collection":[{"href":"https:\/\/viladeste.com.br\/es\/wp-json\/wp\/v2\/pages"}],"about":[{"href":"https:\/\/viladeste.com.br\/es\/wp-json\/wp\/v2\/types\/page"}],"author":[{"embeddable":true,"href":"https:\/\/viladeste.com.br\/es\/wp-json\/wp\/v2\/users\/1"}],"replies":[{"embeddable":true,"href":"https:\/\/viladeste.com.br\/es\/wp-json\/wp\/v2\/comments?post=1235"}],"version-history":[{"count":11,"href":"https:\/\/viladeste.com.br\/es\/wp-json\/wp\/v2\/pages\/1235\/revisions"}],"predecessor-version":[{"id":2002,"href":"https:\/\/viladeste.com.br\/es\/wp-json\/wp\/v2\/pages\/1235\/revisions\/2002"}],"wp:attachment":[{"href":"https:\/\/viladeste.com.br\/es\/wp-json\/wp\/v2\/media?parent=1235"}],"curies":[{"name":"wp","href":"https:\/\/api.w.org\/{rel}","templated":true}]}}