{"id":1236,"date":"2023-02-17T08:15:51","date_gmt":"2023-02-17T11:15:51","guid":{"rendered":"https:\/\/viladeste.com.br\/politicas-do-hotel\/"},"modified":"2024-10-23T09:34:38","modified_gmt":"2024-10-23T12:34:38","slug":"politicas-do-hotel","status":"publish","type":"page","link":"https:\/\/viladeste.com.br\/es\/politicas-do-hotel\/","title":{"rendered":"Normas e informaci\u00f3n General"},"content":{"rendered":"\n<h2 class=\"wp-block-heading\"><\/h2>\n\n\n\n<ul class=\"wp-block-list\">\n<li>El check-in est\u00e1 disponible a partir de las 15:00. La salida de su habitaci\u00f3n debe realizarse antes de las 12:00 (mediod\u00eda) del d\u00eda de salida.<\/li>\n\n\n\n<li>El hotel &amp; restaurante no aloja ni recibe ni\u00f1os menores de 14 a\u00f1os.<\/li>\n\n\n\n<li>Por ley, no est\u00e1 permitido alojar o recibir personas en su apartamento si no est\u00e1n registrados.<\/li>\n\n\n\n<li>Las piscinas y la sauna son para uso exclusivo de los hu\u00e9spedes, no estando permitidas para hu\u00e9spedes o visitantes.<\/li>\n\n\n\n<li>No se permiten mascotas.<\/li>\n\n\n\n<li>Est\u00e1 prohibido el uso de equipos de sonido en \u00e1reas sociales y habitaciones cuando el volumen es alto.<\/li>\n\n\n\n<li>No se permite el uso de enfriadores de bebidas y similares en las \u00e1reas sociales.<\/li>\n\n\n\n<li>Guardamos los objetos olvidados durante 3 meses. Si no se reclaman en el plazo, ser\u00e1n donados.<\/li>\n\n\n\n<li>No tenemos estacionamiento.<\/li>\n\n\n\n<li>Electricidad: 110v est\u00e1ndar, sin embargo, algunos enchufes pueden estar etiquetados como 220v y deben tenerse en cuenta. Si es necesario, los adaptadores de enchufe est\u00e1n disponibles en la recepci\u00f3n.<\/li>\n\n\n\n<li>Nuestras habitaciones disponen de un sistema de activaci\u00f3n de luces mediante tarjeta de presencia, para activar el sistema basta con introducir una tarjeta en el receptor de su apartamento. Las tarjetas da\u00f1adas o perdidas tendr\u00e1n un costo de BRL 60,00 cada una. Tenga en cuenta que no est\u00e1 permitido retirar la tarjeta del llavero.<\/li>\n\n\n\n<li>Los tatuajes de henna y el tinte para el cabello definitivamente manchan la ropa de cama y de ba\u00f1o, se cobrar\u00e1n los art\u00edculos manchados. <\/li>\n\n\n\n<li>Vila d\u2019este se reserva el derecho de no admitir o acoger hu\u00e9spedes cuando la conducta mostrada sea inapropiada y\/o irrespete los derechos de los dem\u00e1s hu\u00e9spedes o de la casa.<\/li>\n<\/ul>\n\n\n\n<h2 class=\"wp-block-heading\">Housekeeping<\/h2>\n\n\n\n<ul class=\"wp-block-list\">\n<li>Se cobrar\u00e1n las bebidas retiradas del minibar y no consumidas.<\/li>\n\n\n\n<li>Si desea dejar secar la ropa mojada, disponemos de una zona reservada, consulte en recepci\u00f3n. Por favor, no lo coloque en el balc\u00f3n de su habitaci\u00f3n. <\/li>\n\n\n\n<li>El servicio de limpieza se realiza todos los d\u00edas de 09:00 a 16:00, previa entrega de llaves en recepci\u00f3n.<\/li>\n<\/ul>\n\n\n\n<p>Tenga en cuenta que al dejar la llave del apartamento en recepci\u00f3n en este momento, entenderemos autom\u00e1ticamente que desea el servicio de limpieza, a menos que se informe lo contrario. <\/p>\n\n\n\n<h2 class=\"wp-block-heading\">Piscinas &amp; Sauna<\/h2>\n\n\n\n<p>Hay dos piscinas y un sauna con una vista fabulosa para que disfrute de sus d\u00edas en B\u00fazios.<\/p>\n\n\n\n<p>Horas: <\/p>\n\n\n\n<ul class=\"wp-block-list\">\n<li>Piscinas: 08am a las 08pm.<\/li>\n\n\n\n<li>Climatizaci\u00f3n de la Piscina Caracol y Sauna: 04pm a 08pm.<\/li>\n<\/ul>\n\n\n\n<h2 class=\"wp-block-heading\">Estacionamiento<\/h2>\n\n\n\n<p>No disponemos de parking, es posible aparcar en la calle del hotel.<\/p>\n\n\n\n<p>Tenga en cuenta que en toda la ciudad los espacios marcados en azul son administrados por el ayuntamiento y est\u00e1n sujetos a pago por estacionamiento rotativo.<\/p>\n\n\n\n<h2 class=\"wp-block-heading\">Acceso a Orla Bardot<\/h2>\n\n\n\n<p>Vila d&#8217;este tiene acceso exclusivo a Orla Bardot. Por su propia seguridad y la de los dem\u00e1s hu\u00e9spedes de la casa, le pedimos que se asegure de que la puerta est\u00e9 cerrada cuando salga.<\/p>\n\n\n\n<p>En caso de un corte de energ\u00eda o cualquier otra emergencia que afecte los sistemas del hotel, le informamos que el acceso principal por la calle Alto do Humait\u00e1 ser\u00e1 el punto de encuentro designado para la entrada y salida de los hu\u00e9spedes. Tenga en cuenta que el acceso por la Orla Bardot puede estar temporalmente fuera de servicio en tales situaciones.<\/p>\n\n\n\n<h2 class=\"wp-block-heading\">Reservas<\/h2>\n\n\n\n<ul class=\"wp-block-list\">\n<li>Las reservas se procesan de acuerdo con la informaci\u00f3n proporcionada por cada cliente. En caso de error o discrepancia, no se admitir\u00e1n ni\u00f1os menores de 14 a\u00f1os y no habr\u00e1 reembolso.<\/li>\n\n\n\n<li>Como B\u00fazios es una ciudad bohemia, conocida por su variedad de atracciones y actividades, en per\u00edodos de mayor movimiento la ciudad puede no ofrecer el ambiente ideal para la relajaci\u00f3n.<\/li>\n\n\n\n<li>Los valores representados en el sitio web incluyen desayuno e impuestos. El cobro de extras y tasas podr\u00e1 realizarse por separado y\/o fraccionarse en m\u00e1s de un cargo, siempre respetando el importe total de la reserva.<\/li>\n<\/ul>\n\n\n\n<h2 class=\"wp-block-heading\">Eventos<\/h2>\n\n\n\n<ul class=\"wp-block-list\">\n<li>Nos reservamos el derecho de cancelar o reprogramar eventos como DJ Lounge y Noches de Jazz seg\u00fan las condiciones clim\u00e1ticas u otros factores que puedan afectar la seguridad y el confort de nuestros hu\u00e9spedes. Estos eventos son cortes\u00edas ofrecidas por el hotel y est\u00e1n sujetos a cambios sin previo aviso. Agradecemos su comprensi\u00f3n mientras nos esforzamos por ofrecer la mejor experiencia posible.<\/li>\n<\/ul>\n","protected":false},"excerpt":{"rendered":"<p>Housekeeping Tenga en cuenta que al dejar la llave del apartamento en recepci\u00f3n en este momento, entenderemos autom\u00e1ticamente que desea el servicio de limpieza, a menos que se informe lo contrario. Piscinas &amp; Sauna Hay dos piscinas y un sauna con una vista fabulosa para que disfrute de sus d\u00edas en B\u00fazios. Horas: Estacionamiento No [&hellip;]<\/p>\n","protected":false},"author":1,"featured_media":0,"parent":0,"menu_order":0,"comment_status":"closed","ping_status":"closed","template":"","meta":{"inline_featured_image":false,"footnotes":""},"class_list":["post-1236","page","type-page","status-publish","hentry"],"yoast_head":"<!-- This site is optimized with the Yoast SEO plugin v27.2 - https:\/\/yoast.com\/product\/yoast-seo-wordpress\/ -->\n<title>Normas e informaci\u00f3n General - Hotel Vila d&#039;este<\/title>\n<meta name=\"robots\" content=\"index, follow, max-snippet:-1, max-image-preview:large, max-video-preview:-1\" \/>\n<link rel=\"canonical\" href=\"https:\/\/viladeste.com.br\/es\/politicas-do-hotel\/\" \/>\n<meta property=\"og:locale\" content=\"es_ES\" \/>\n<meta property=\"og:type\" content=\"article\" \/>\n<meta property=\"og:title\" content=\"Normas e informaci\u00f3n General - Hotel Vila d&#039;este\" \/>\n<meta property=\"og:description\" content=\"Housekeeping Tenga en cuenta que al dejar la llave del apartamento en recepci\u00f3n en este momento, entenderemos autom\u00e1ticamente que desea el servicio de limpieza, a menos que se informe lo contrario. Piscinas &amp; Sauna Hay dos piscinas y un sauna con una vista fabulosa para que disfrute de sus d\u00edas en B\u00fazios. Horas: Estacionamiento No [&hellip;]\" \/>\n<meta property=\"og:url\" content=\"https:\/\/viladeste.com.br\/es\/politicas-do-hotel\/\" \/>\n<meta property=\"og:site_name\" content=\"Hotel Vila d&#039;este\" \/>\n<meta property=\"article:publisher\" content=\"https:\/\/www.facebook.com\/viladestebuzios\/\" \/>\n<meta property=\"article:modified_time\" content=\"2024-10-23T12:34:38+00:00\" \/>\n<meta name=\"twitter:card\" content=\"summary_large_image\" \/>\n<meta name=\"twitter:label1\" content=\"Tiempo de lectura\" \/>\n\t<meta name=\"twitter:data1\" content=\"4 minutos\" \/>\n<script type=\"application\/ld+json\" class=\"yoast-schema-graph\">{\"@context\":\"https:\/\/schema.org\",\"@graph\":[{\"@type\":\"WebPage\",\"@id\":\"https:\/\/viladeste.com.br\/es\/politicas-do-hotel\/\",\"url\":\"https:\/\/viladeste.com.br\/es\/politicas-do-hotel\/\",\"name\":\"Normas e informaci\u00f3n General - Hotel Vila d&#039;este\",\"isPartOf\":{\"@id\":\"https:\/\/viladeste.com.br\/#website\"},\"datePublished\":\"2023-02-17T11:15:51+00:00\",\"dateModified\":\"2024-10-23T12:34:38+00:00\",\"breadcrumb\":{\"@id\":\"https:\/\/viladeste.com.br\/es\/politicas-do-hotel\/#breadcrumb\"},\"inLanguage\":\"es\",\"potentialAction\":[{\"@type\":\"ReadAction\",\"target\":[\"https:\/\/viladeste.com.br\/es\/politicas-do-hotel\/\"]}]},{\"@type\":\"BreadcrumbList\",\"@id\":\"https:\/\/viladeste.com.br\/es\/politicas-do-hotel\/#breadcrumb\",\"itemListElement\":[{\"@type\":\"ListItem\",\"position\":1,\"name\":\"In\u00edcio\",\"item\":\"https:\/\/viladeste.com.br\/es\/\"},{\"@type\":\"ListItem\",\"position\":2,\"name\":\"Normas e informaci\u00f3n General\"}]},{\"@type\":\"WebSite\",\"@id\":\"https:\/\/viladeste.com.br\/#website\",\"url\":\"https:\/\/viladeste.com.br\/\",\"name\":\"Hotel Vila d'este\",\"description\":\"B\u00fazios Original\",\"publisher\":{\"@id\":\"https:\/\/viladeste.com.br\/#organization\"},\"potentialAction\":[{\"@type\":\"SearchAction\",\"target\":{\"@type\":\"EntryPoint\",\"urlTemplate\":\"https:\/\/viladeste.com.br\/?s={search_term_string}\"},\"query-input\":{\"@type\":\"PropertyValueSpecification\",\"valueRequired\":true,\"valueName\":\"search_term_string\"}}],\"inLanguage\":\"es\"},{\"@type\":\"Organization\",\"@id\":\"https:\/\/viladeste.com.br\/#organization\",\"name\":\"Hotel Vila d'este\",\"url\":\"https:\/\/viladeste.com.br\/\",\"logo\":{\"@type\":\"ImageObject\",\"inLanguage\":\"es\",\"@id\":\"https:\/\/viladeste.com.br\/#\/schema\/logo\/image\/\",\"url\":\"https:\/\/viladeste.com.br\/wp-content\/uploads\/2023\/02\/Vila-D-Este_Branding_Logo_2.png\",\"contentUrl\":\"https:\/\/viladeste.com.br\/wp-content\/uploads\/2023\/02\/Vila-D-Este_Branding_Logo_2.png\",\"width\":875,\"height\":285,\"caption\":\"Hotel Vila d'este\"},\"image\":{\"@id\":\"https:\/\/viladeste.com.br\/#\/schema\/logo\/image\/\"},\"sameAs\":[\"https:\/\/www.facebook.com\/viladestebuzios\/\",\"https:\/\/www.instagram.com\/viladestebuzios\/\"]}]}<\/script>\n<!-- \/ Yoast SEO plugin. -->","yoast_head_json":{"title":"Normas e informaci\u00f3n General - Hotel Vila d&#039;este","robots":{"index":"index","follow":"follow","max-snippet":"max-snippet:-1","max-image-preview":"max-image-preview:large","max-video-preview":"max-video-preview:-1"},"canonical":"https:\/\/viladeste.com.br\/es\/politicas-do-hotel\/","og_locale":"es_ES","og_type":"article","og_title":"Normas e informaci\u00f3n General - Hotel Vila d&#039;este","og_description":"Housekeeping Tenga en cuenta que al dejar la llave del apartamento en recepci\u00f3n en este momento, entenderemos autom\u00e1ticamente que desea el servicio de limpieza, a menos que se informe lo contrario. Piscinas &amp; Sauna Hay dos piscinas y un sauna con una vista fabulosa para que disfrute de sus d\u00edas en B\u00fazios. Horas: Estacionamiento No [&hellip;]","og_url":"https:\/\/viladeste.com.br\/es\/politicas-do-hotel\/","og_site_name":"Hotel Vila d&#039;este","article_publisher":"https:\/\/www.facebook.com\/viladestebuzios\/","article_modified_time":"2024-10-23T12:34:38+00:00","twitter_card":"summary_large_image","twitter_misc":{"Tiempo de lectura":"4 minutos"},"schema":{"@context":"https:\/\/schema.org","@graph":[{"@type":"WebPage","@id":"https:\/\/viladeste.com.br\/es\/politicas-do-hotel\/","url":"https:\/\/viladeste.com.br\/es\/politicas-do-hotel\/","name":"Normas e informaci\u00f3n General - Hotel Vila d&#039;este","isPartOf":{"@id":"https:\/\/viladeste.com.br\/#website"},"datePublished":"2023-02-17T11:15:51+00:00","dateModified":"2024-10-23T12:34:38+00:00","breadcrumb":{"@id":"https:\/\/viladeste.com.br\/es\/politicas-do-hotel\/#breadcrumb"},"inLanguage":"es","potentialAction":[{"@type":"ReadAction","target":["https:\/\/viladeste.com.br\/es\/politicas-do-hotel\/"]}]},{"@type":"BreadcrumbList","@id":"https:\/\/viladeste.com.br\/es\/politicas-do-hotel\/#breadcrumb","itemListElement":[{"@type":"ListItem","position":1,"name":"In\u00edcio","item":"https:\/\/viladeste.com.br\/es\/"},{"@type":"ListItem","position":2,"name":"Normas e informaci\u00f3n General"}]},{"@type":"WebSite","@id":"https:\/\/viladeste.com.br\/#website","url":"https:\/\/viladeste.com.br\/","name":"Hotel Vila d'este","description":"B\u00fazios Original","publisher":{"@id":"https:\/\/viladeste.com.br\/#organization"},"potentialAction":[{"@type":"SearchAction","target":{"@type":"EntryPoint","urlTemplate":"https:\/\/viladeste.com.br\/?s={search_term_string}"},"query-input":{"@type":"PropertyValueSpecification","valueRequired":true,"valueName":"search_term_string"}}],"inLanguage":"es"},{"@type":"Organization","@id":"https:\/\/viladeste.com.br\/#organization","name":"Hotel Vila d'este","url":"https:\/\/viladeste.com.br\/","logo":{"@type":"ImageObject","inLanguage":"es","@id":"https:\/\/viladeste.com.br\/#\/schema\/logo\/image\/","url":"https:\/\/viladeste.com.br\/wp-content\/uploads\/2023\/02\/Vila-D-Este_Branding_Logo_2.png","contentUrl":"https:\/\/viladeste.com.br\/wp-content\/uploads\/2023\/02\/Vila-D-Este_Branding_Logo_2.png","width":875,"height":285,"caption":"Hotel Vila d'este"},"image":{"@id":"https:\/\/viladeste.com.br\/#\/schema\/logo\/image\/"},"sameAs":["https:\/\/www.facebook.com\/viladestebuzios\/","https:\/\/www.instagram.com\/viladestebuzios\/"]}]}},"_links":{"self":[{"href":"https:\/\/viladeste.com.br\/es\/wp-json\/wp\/v2\/pages\/1236","targetHints":{"allow":["GET"]}}],"collection":[{"href":"https:\/\/viladeste.com.br\/es\/wp-json\/wp\/v2\/pages"}],"about":[{"href":"https:\/\/viladeste.com.br\/es\/wp-json\/wp\/v2\/types\/page"}],"author":[{"embeddable":true,"href":"https:\/\/viladeste.com.br\/es\/wp-json\/wp\/v2\/users\/1"}],"replies":[{"embeddable":true,"href":"https:\/\/viladeste.com.br\/es\/wp-json\/wp\/v2\/comments?post=1236"}],"version-history":[{"count":2,"href":"https:\/\/viladeste.com.br\/es\/wp-json\/wp\/v2\/pages\/1236\/revisions"}],"predecessor-version":[{"id":1781,"href":"https:\/\/viladeste.com.br\/es\/wp-json\/wp\/v2\/pages\/1236\/revisions\/1781"}],"wp:attachment":[{"href":"https:\/\/viladeste.com.br\/es\/wp-json\/wp\/v2\/media?parent=1236"}],"curies":[{"name":"wp","href":"https:\/\/api.w.org\/{rel}","templated":true}]}}