{"id":1238,"date":"2023-02-11T12:54:13","date_gmt":"2023-02-11T15:54:13","guid":{"rendered":"https:\/\/viladeste.com.br\/vila-deste\/"},"modified":"2023-04-27T15:10:41","modified_gmt":"2023-04-27T18:10:41","slug":"vila-deste","status":"publish","type":"page","link":"https:\/\/viladeste.com.br\/es\/vila-deste\/","title":{"rendered":"La direcci\u00f3n que importa en B\u00fazios"},"content":{"rendered":"\n<p>Todo comenz\u00f3 en 1969, cuando Mirtha y Angelo Ronchi, entonces residentes en la Patagonia, fueron invitados por amigos de R\u00edo de Janeiro a pasar unos d\u00edas en B\u00fazios.<\/p>\n\n\n\n<p>Fue amor a primera vista, un amor que se mantuvo como un sue\u00f1o durante varios a\u00f1os.<\/p>\n\n\n\n<p>Angelo Ronchi, el patriarca, era un argentino apasionado de la hoteler\u00eda que ya se hab\u00eda dedicado al turismo en varias ciudades de Argentina, cuando en 1977 le lleg\u00f3 una invitaci\u00f3n para trabajar en R\u00edo de Janeiro.<\/p>\n\n\n\n<p>Al pisar nuevamente la pen\u00ednsula intacta y encantadora, que se hizo famosa con la llegada de la actriz Brigitte Bardot, su pasi\u00f3n sali\u00f3 a la luz y decidi\u00f3 que era hora de unir su conocimiento en el negocio hotelero con el amor que sent\u00eda por B\u00fazios. y en los a\u00f1os siguientes adquiri\u00f3 algunos rincones m\u00e1gicos alrededor de la ciudad.<\/p>\n\n\n\n<p>All\u00ed naci\u00f3 Vila d&#8217;este, una antigua casa rural en una colina que mira al mar, ya transformada en una de las primeras posadas del pueblo marinero, regalo del padre a su hija B\u00e1rbara, v\u00ednculo de uni\u00f3n pasi\u00f3n.<\/p>\n\n\n\n<p>Lo que una vez fue una simple mansi\u00f3n con establos en Arma\u00e7\u00e3o dos B\u00fazios estaba destinado a convertirse en una de las opciones de alojamiento con m\u00e1s encanto y un \u00edcono de ese B\u00fazios Original.<\/p>\n\n\n\n<p>La propuesta siempre ha sido mantener vivo ese momento de descubrimiento y encanto, la pura esencia del pueblo pesquero, para brindar a los hu\u00e9spedes ese momento inolvidable que nos alimenta hasta el d\u00eda de hoy.<\/p>\n\n\n\n<p>Para ello, se utiliz\u00f3 toda la estructura de la mansi\u00f3n en la reconstrucci\u00f3n del hotel, que ahora es el sal\u00f3n principal original, y las caballerizas se transformaron en las habitaciones que ahora forman parte de la categor\u00eda <a href=\"https:\/\/viladeste.com.br\/es\/suite\/classic\/\" data-type=\"URL\" data-id=\"https:\/\/viladeste.com.br\/es\/suite\/classic\/\">Classic<\/a>.<\/p>\n\n\n\n<p>El verde vibrante de la naturaleza de Buziana y la esencia sencilla y buc\u00f3lica se mantuvieron como ra\u00edces de esta historia.<\/p>\n\n\n\n<p>El hotel fue construido como un peque\u00f1o refugio de descanso, que busca entregar un servicio exclusivo y personalizado. Son solo 20 suites, cuidadosamente planeadas para que cada hu\u00e9sped pueda tener una experiencia \u00fanica e inolvidable.<\/p>\n\n\n\n<figure class=\"wp-block-image size-full\"><img loading=\"lazy\" decoding=\"async\" width=\"1652\" height=\"1154\" src=\"https:\/\/viladeste.com.br\/wp-content\/uploads\/2023\/02\/Buzios-decada-de-70-antiga.jpg\" alt=\"\" class=\"wp-image-256\" srcset=\"https:\/\/viladeste.com.br\/wp-content\/uploads\/2023\/02\/Buzios-decada-de-70-antiga.jpg 1652w, https:\/\/viladeste.com.br\/wp-content\/uploads\/2023\/02\/Buzios-decada-de-70-antiga-768x536.jpg 768w, https:\/\/viladeste.com.br\/wp-content\/uploads\/2023\/02\/Buzios-decada-de-70-antiga-1536x1073.jpg 1536w\" sizes=\"auto, (max-width: 1652px) 100vw, 1652px\" \/><figcaption class=\"wp-element-caption\">B\u00fazios d\u00e9cada de 70<\/figcaption><\/figure>\n\n\n\n<p>Un pueblo acogedor, plural y con una identidad visual encantadora, B\u00e1rbara ha recogido las piezas m\u00e1s bellas para hacer de Vila d\u2019este algo \u00fanico y espectacular, cada objeto es el resultado de una experiencia y tiene una historia, por eso Vila es tan \u00fanica.<\/p>\n\n\n\n<p>El resultado de este minucioso proceso se traduce en un ambiente especial, elegante y acogedor. Pasear por el hotel es como sentirse en casa y es posible notar el cuidado en todos sus detalles.<\/p>\n\n\n\n<p>En cada punto de esa l\u00ednea de tiempo, hay mucho amor por el proyecto. Hasta el d\u00eda de hoy, este es el sentimiento que mueve a todo el equipo de Vila, motivando la b\u00fasqueda diaria de la excelencia.<\/p>\n\n\n\n<p>La Vila hoy, con m\u00e1s de 30 a\u00f1os de historia, es miembro de la <a href=\"https:\/\/www.roteirosdecharme.com.br\/hotel\/vila-deste-handmade-hospitality-hotel\/\" data-type=\"URL\" data-id=\"https:\/\/www.roteirosdecharme.com.br\/hotel\/vila-deste-handmade-hospitality-hotel\/\">Asociaci\u00f3n Roteiros de Charme<\/a> y recoge los premios Travelers\u2019 Choice: Best of the Best, de <a href=\"https:\/\/www.tripadvisor.com.br\/Hotel_Review-g303492-d580784-Reviews-Vila_d_este-Armacao_dos_Buzios_State_of_Rio_de_Janeiro.html\" data-type=\"URL\" data-id=\"https:\/\/www.tripadvisor.com.br\/Hotel_Review-g303492-d580784-Reviews-Vila_d_este-Armacao_dos_Buzios_State_of_Rio_de_Janeiro.html\">TripAdvisor<\/a>. Recientemente, tambi\u00e9n recibi\u00f3 el sello de la <a href=\"https:\/\/www.xoprivate.com\/vila-deste\/\" data-type=\"URL\" data-id=\"https:\/\/www.xoprivate.com\/vila-deste\/\">Asociaci\u00f3n XO Private<\/a>, un sello sumamente relevante que califica a los hoteles de lujo en todo el mundo. Un hotel rom\u00e1ntico, nacido del amor por B\u00fazios. Por lo tanto, la misi\u00f3n de Vila d&#8217;este es presentar los encantos de B\u00fazios Original a todos los que la visitan. Ese pueblito lleno de posibilidades y magia que enamor\u00f3 a los Ronchi.<\/p>\n","protected":false},"excerpt":{"rendered":"<p>Todo comenz\u00f3 en 1969, cuando Mirtha y Angelo Ronchi, entonces residentes en la Patagonia, fueron invitados por amigos de R\u00edo de Janeiro a pasar unos d\u00edas en B\u00fazios. Fue amor a primera vista, un amor que se mantuvo como un sue\u00f1o durante varios a\u00f1os. Angelo Ronchi, el patriarca, era un argentino apasionado de la hoteler\u00eda [&hellip;]<\/p>\n","protected":false},"author":1,"featured_media":1111,"parent":0,"menu_order":0,"comment_status":"closed","ping_status":"closed","template":"","meta":{"inline_featured_image":false,"footnotes":""},"class_list":["post-1238","page","type-page","status-publish","has-post-thumbnail","hentry"],"yoast_head":"<!-- This site is optimized with the Yoast SEO plugin v27.2 - https:\/\/yoast.com\/product\/yoast-seo-wordpress\/ -->\n<title>La direcci\u00f3n que importa en B\u00fazios - Hotel Vila d&#039;este<\/title>\n<meta name=\"robots\" content=\"index, follow, max-snippet:-1, max-image-preview:large, max-video-preview:-1\" \/>\n<link rel=\"canonical\" href=\"https:\/\/viladeste.com.br\/es\/vila-deste\/\" \/>\n<meta property=\"og:locale\" content=\"es_ES\" \/>\n<meta property=\"og:type\" content=\"article\" \/>\n<meta property=\"og:title\" content=\"La direcci\u00f3n que importa en B\u00fazios - Hotel Vila d&#039;este\" \/>\n<meta property=\"og:description\" content=\"Todo comenz\u00f3 en 1969, cuando Mirtha y Angelo Ronchi, entonces residentes en la Patagonia, fueron invitados por amigos de R\u00edo de Janeiro a pasar unos d\u00edas en B\u00fazios. Fue amor a primera vista, un amor que se mantuvo como un sue\u00f1o durante varios a\u00f1os. Angelo Ronchi, el patriarca, era un argentino apasionado de la hoteler\u00eda [&hellip;]\" \/>\n<meta property=\"og:url\" content=\"https:\/\/viladeste.com.br\/es\/vila-deste\/\" \/>\n<meta property=\"og:site_name\" content=\"Hotel Vila d&#039;este\" \/>\n<meta property=\"article:publisher\" content=\"https:\/\/www.facebook.com\/viladestebuzios\/\" \/>\n<meta property=\"article:modified_time\" content=\"2023-04-27T18:10:41+00:00\" \/>\n<meta property=\"og:image\" content=\"https:\/\/viladeste.com.br\/wp-content\/uploads\/2023\/02\/Vila-Deste-Estoque-3-Media-13-scaled.jpg\" \/>\n\t<meta property=\"og:image:width\" content=\"2560\" \/>\n\t<meta property=\"og:image:height\" content=\"1280\" \/>\n\t<meta property=\"og:image:type\" content=\"image\/jpeg\" \/>\n<meta name=\"twitter:card\" content=\"summary_large_image\" \/>\n<script type=\"application\/ld+json\" class=\"yoast-schema-graph\">{\"@context\":\"https:\/\/schema.org\",\"@graph\":[{\"@type\":\"WebPage\",\"@id\":\"https:\/\/viladeste.com.br\/es\/vila-deste\/\",\"url\":\"https:\/\/viladeste.com.br\/es\/vila-deste\/\",\"name\":\"La direcci\u00f3n que importa en B\u00fazios - Hotel Vila d&#039;este\",\"isPartOf\":{\"@id\":\"https:\/\/viladeste.com.br\/#website\"},\"primaryImageOfPage\":{\"@id\":\"https:\/\/viladeste.com.br\/es\/vila-deste\/#primaryimage\"},\"image\":{\"@id\":\"https:\/\/viladeste.com.br\/es\/vila-deste\/#primaryimage\"},\"thumbnailUrl\":\"https:\/\/viladeste.com.br\/wp-content\/uploads\/2023\/02\/Vila-Deste-Estoque-3-Media-13-scaled.jpg\",\"datePublished\":\"2023-02-11T15:54:13+00:00\",\"dateModified\":\"2023-04-27T18:10:41+00:00\",\"breadcrumb\":{\"@id\":\"https:\/\/viladeste.com.br\/es\/vila-deste\/#breadcrumb\"},\"inLanguage\":\"es\",\"potentialAction\":[{\"@type\":\"ReadAction\",\"target\":[\"https:\/\/viladeste.com.br\/es\/vila-deste\/\"]}]},{\"@type\":\"ImageObject\",\"inLanguage\":\"es\",\"@id\":\"https:\/\/viladeste.com.br\/es\/vila-deste\/#primaryimage\",\"url\":\"https:\/\/viladeste.com.br\/wp-content\/uploads\/2023\/02\/Vila-Deste-Estoque-3-Media-13-scaled.jpg\",\"contentUrl\":\"https:\/\/viladeste.com.br\/wp-content\/uploads\/2023\/02\/Vila-Deste-Estoque-3-Media-13-scaled.jpg\",\"width\":2560,\"height\":1280},{\"@type\":\"BreadcrumbList\",\"@id\":\"https:\/\/viladeste.com.br\/es\/vila-deste\/#breadcrumb\",\"itemListElement\":[{\"@type\":\"ListItem\",\"position\":1,\"name\":\"In\u00edcio\",\"item\":\"https:\/\/viladeste.com.br\/es\/\"},{\"@type\":\"ListItem\",\"position\":2,\"name\":\"La direcci\u00f3n que importa en B\u00fazios\"}]},{\"@type\":\"WebSite\",\"@id\":\"https:\/\/viladeste.com.br\/#website\",\"url\":\"https:\/\/viladeste.com.br\/\",\"name\":\"Hotel Vila d'este\",\"description\":\"B\u00fazios Original\",\"publisher\":{\"@id\":\"https:\/\/viladeste.com.br\/#organization\"},\"potentialAction\":[{\"@type\":\"SearchAction\",\"target\":{\"@type\":\"EntryPoint\",\"urlTemplate\":\"https:\/\/viladeste.com.br\/?s={search_term_string}\"},\"query-input\":{\"@type\":\"PropertyValueSpecification\",\"valueRequired\":true,\"valueName\":\"search_term_string\"}}],\"inLanguage\":\"es\"},{\"@type\":\"Organization\",\"@id\":\"https:\/\/viladeste.com.br\/#organization\",\"name\":\"Hotel Vila d'este\",\"url\":\"https:\/\/viladeste.com.br\/\",\"logo\":{\"@type\":\"ImageObject\",\"inLanguage\":\"es\",\"@id\":\"https:\/\/viladeste.com.br\/#\/schema\/logo\/image\/\",\"url\":\"https:\/\/viladeste.com.br\/wp-content\/uploads\/2023\/02\/Vila-D-Este_Branding_Logo_2.png\",\"contentUrl\":\"https:\/\/viladeste.com.br\/wp-content\/uploads\/2023\/02\/Vila-D-Este_Branding_Logo_2.png\",\"width\":875,\"height\":285,\"caption\":\"Hotel Vila d'este\"},\"image\":{\"@id\":\"https:\/\/viladeste.com.br\/#\/schema\/logo\/image\/\"},\"sameAs\":[\"https:\/\/www.facebook.com\/viladestebuzios\/\",\"https:\/\/www.instagram.com\/viladestebuzios\/\"]}]}<\/script>\n<!-- \/ Yoast SEO plugin. -->","yoast_head_json":{"title":"La direcci\u00f3n que importa en B\u00fazios - Hotel Vila d&#039;este","robots":{"index":"index","follow":"follow","max-snippet":"max-snippet:-1","max-image-preview":"max-image-preview:large","max-video-preview":"max-video-preview:-1"},"canonical":"https:\/\/viladeste.com.br\/es\/vila-deste\/","og_locale":"es_ES","og_type":"article","og_title":"La direcci\u00f3n que importa en B\u00fazios - Hotel Vila d&#039;este","og_description":"Todo comenz\u00f3 en 1969, cuando Mirtha y Angelo Ronchi, entonces residentes en la Patagonia, fueron invitados por amigos de R\u00edo de Janeiro a pasar unos d\u00edas en B\u00fazios. Fue amor a primera vista, un amor que se mantuvo como un sue\u00f1o durante varios a\u00f1os. Angelo Ronchi, el patriarca, era un argentino apasionado de la hoteler\u00eda [&hellip;]","og_url":"https:\/\/viladeste.com.br\/es\/vila-deste\/","og_site_name":"Hotel Vila d&#039;este","article_publisher":"https:\/\/www.facebook.com\/viladestebuzios\/","article_modified_time":"2023-04-27T18:10:41+00:00","og_image":[{"width":2560,"height":1280,"url":"https:\/\/viladeste.com.br\/wp-content\/uploads\/2023\/02\/Vila-Deste-Estoque-3-Media-13-scaled.jpg","type":"image\/jpeg"}],"twitter_card":"summary_large_image","schema":{"@context":"https:\/\/schema.org","@graph":[{"@type":"WebPage","@id":"https:\/\/viladeste.com.br\/es\/vila-deste\/","url":"https:\/\/viladeste.com.br\/es\/vila-deste\/","name":"La direcci\u00f3n que importa en B\u00fazios - Hotel Vila d&#039;este","isPartOf":{"@id":"https:\/\/viladeste.com.br\/#website"},"primaryImageOfPage":{"@id":"https:\/\/viladeste.com.br\/es\/vila-deste\/#primaryimage"},"image":{"@id":"https:\/\/viladeste.com.br\/es\/vila-deste\/#primaryimage"},"thumbnailUrl":"https:\/\/viladeste.com.br\/wp-content\/uploads\/2023\/02\/Vila-Deste-Estoque-3-Media-13-scaled.jpg","datePublished":"2023-02-11T15:54:13+00:00","dateModified":"2023-04-27T18:10:41+00:00","breadcrumb":{"@id":"https:\/\/viladeste.com.br\/es\/vila-deste\/#breadcrumb"},"inLanguage":"es","potentialAction":[{"@type":"ReadAction","target":["https:\/\/viladeste.com.br\/es\/vila-deste\/"]}]},{"@type":"ImageObject","inLanguage":"es","@id":"https:\/\/viladeste.com.br\/es\/vila-deste\/#primaryimage","url":"https:\/\/viladeste.com.br\/wp-content\/uploads\/2023\/02\/Vila-Deste-Estoque-3-Media-13-scaled.jpg","contentUrl":"https:\/\/viladeste.com.br\/wp-content\/uploads\/2023\/02\/Vila-Deste-Estoque-3-Media-13-scaled.jpg","width":2560,"height":1280},{"@type":"BreadcrumbList","@id":"https:\/\/viladeste.com.br\/es\/vila-deste\/#breadcrumb","itemListElement":[{"@type":"ListItem","position":1,"name":"In\u00edcio","item":"https:\/\/viladeste.com.br\/es\/"},{"@type":"ListItem","position":2,"name":"La direcci\u00f3n que importa en B\u00fazios"}]},{"@type":"WebSite","@id":"https:\/\/viladeste.com.br\/#website","url":"https:\/\/viladeste.com.br\/","name":"Hotel Vila d'este","description":"B\u00fazios Original","publisher":{"@id":"https:\/\/viladeste.com.br\/#organization"},"potentialAction":[{"@type":"SearchAction","target":{"@type":"EntryPoint","urlTemplate":"https:\/\/viladeste.com.br\/?s={search_term_string}"},"query-input":{"@type":"PropertyValueSpecification","valueRequired":true,"valueName":"search_term_string"}}],"inLanguage":"es"},{"@type":"Organization","@id":"https:\/\/viladeste.com.br\/#organization","name":"Hotel Vila d'este","url":"https:\/\/viladeste.com.br\/","logo":{"@type":"ImageObject","inLanguage":"es","@id":"https:\/\/viladeste.com.br\/#\/schema\/logo\/image\/","url":"https:\/\/viladeste.com.br\/wp-content\/uploads\/2023\/02\/Vila-D-Este_Branding_Logo_2.png","contentUrl":"https:\/\/viladeste.com.br\/wp-content\/uploads\/2023\/02\/Vila-D-Este_Branding_Logo_2.png","width":875,"height":285,"caption":"Hotel Vila d'este"},"image":{"@id":"https:\/\/viladeste.com.br\/#\/schema\/logo\/image\/"},"sameAs":["https:\/\/www.facebook.com\/viladestebuzios\/","https:\/\/www.instagram.com\/viladestebuzios\/"]}]}},"_links":{"self":[{"href":"https:\/\/viladeste.com.br\/es\/wp-json\/wp\/v2\/pages\/1238","targetHints":{"allow":["GET"]}}],"collection":[{"href":"https:\/\/viladeste.com.br\/es\/wp-json\/wp\/v2\/pages"}],"about":[{"href":"https:\/\/viladeste.com.br\/es\/wp-json\/wp\/v2\/types\/page"}],"author":[{"embeddable":true,"href":"https:\/\/viladeste.com.br\/es\/wp-json\/wp\/v2\/users\/1"}],"replies":[{"embeddable":true,"href":"https:\/\/viladeste.com.br\/es\/wp-json\/wp\/v2\/comments?post=1238"}],"version-history":[{"count":1,"href":"https:\/\/viladeste.com.br\/es\/wp-json\/wp\/v2\/pages\/1238\/revisions"}],"predecessor-version":[{"id":1658,"href":"https:\/\/viladeste.com.br\/es\/wp-json\/wp\/v2\/pages\/1238\/revisions\/1658"}],"wp:featuredmedia":[{"embeddable":true,"href":"https:\/\/viladeste.com.br\/es\/wp-json\/wp\/v2\/media\/1111"}],"wp:attachment":[{"href":"https:\/\/viladeste.com.br\/es\/wp-json\/wp\/v2\/media?parent=1238"}],"curies":[{"name":"wp","href":"https:\/\/api.w.org\/{rel}","templated":true}]}}