{"id":1239,"date":"2023-02-09T22:36:42","date_gmt":"2023-02-10T01:36:42","guid":{"rendered":"https:\/\/viladeste.com.br\/sentiero\/"},"modified":"2023-03-08T11:26:52","modified_gmt":"2023-03-08T14:26:52","slug":"sentiero","status":"publish","type":"page","link":"https:\/\/viladeste.com.br\/es\/sentiero\/","title":{"rendered":"Atr\u00e9vete con el programa Sentiero"},"content":{"rendered":"\n<p>El proyecto Sentiero invita a nuestros hu\u00e9spedes a descubrir B\u00fazios Original, lleno de historia y tradici\u00f3n, de belleza y tranquilidad, \u00a1pero tambi\u00e9n de muchas aventuras!<\/p>\n\n<p>Realice viajes en <strong>barco arrastrero,<\/strong> <strong>sum\u00e9rjase<\/strong> en las aguas llenas de historia de B\u00fazios, tambi\u00e9n le recomendamos un viaje en <strong>canoa hawaiana<\/strong> por el litoral m\u00e1s encantador de Brasil, entre otras actividades exclusivas y encantadoras que solo el programa Sentiero puede ofrecerle.<\/p>\n\n<p>\u00bfListo para explorar lo mejor de B\u00fazios?<br\/>Ponte en contacto con nuestro equipo de reservas para informarte sobre las actividades. <\/p>\n","protected":false},"excerpt":{"rendered":"<p>El proyecto Sentiero invita a nuestros hu\u00e9spedes a descubrir B\u00fazios Original, lleno de historia y tradici\u00f3n, de belleza y tranquilidad, \u00a1pero tambi\u00e9n de muchas aventuras! Realice viajes en barco arrastrero, sum\u00e9rjase en las aguas llenas de historia de B\u00fazios, tambi\u00e9n le recomendamos un viaje en canoa hawaiana por el litoral m\u00e1s encantador de Brasil, entre [&hellip;]<\/p>\n","protected":false},"author":1,"featured_media":835,"parent":0,"menu_order":0,"comment_status":"closed","ping_status":"closed","template":"","meta":{"inline_featured_image":false,"footnotes":""},"class_list":["post-1239","page","type-page","status-publish","has-post-thumbnail","hentry"],"yoast_head":"<!-- This site is optimized with the Yoast SEO plugin v27.2 - https:\/\/yoast.com\/product\/yoast-seo-wordpress\/ -->\n<title>Atr\u00e9vete con el programa Sentiero - Hotel Vila d&#039;este<\/title>\n<meta name=\"robots\" content=\"index, follow, max-snippet:-1, max-image-preview:large, max-video-preview:-1\" \/>\n<link rel=\"canonical\" href=\"https:\/\/viladeste.com.br\/es\/sentiero\/\" \/>\n<meta property=\"og:locale\" content=\"es_ES\" \/>\n<meta property=\"og:type\" content=\"article\" \/>\n<meta property=\"og:title\" content=\"Atr\u00e9vete con el programa Sentiero - Hotel Vila d&#039;este\" \/>\n<meta property=\"og:description\" content=\"El proyecto Sentiero invita a nuestros hu\u00e9spedes a descubrir B\u00fazios Original, lleno de historia y tradici\u00f3n, de belleza y tranquilidad, \u00a1pero tambi\u00e9n de muchas aventuras! Realice viajes en barco arrastrero, sum\u00e9rjase en las aguas llenas de historia de B\u00fazios, tambi\u00e9n le recomendamos un viaje en canoa hawaiana por el litoral m\u00e1s encantador de Brasil, entre [&hellip;]\" \/>\n<meta property=\"og:url\" content=\"https:\/\/viladeste.com.br\/es\/sentiero\/\" \/>\n<meta property=\"og:site_name\" content=\"Hotel Vila d&#039;este\" \/>\n<meta property=\"article:publisher\" content=\"https:\/\/www.facebook.com\/viladestebuzios\/\" \/>\n<meta property=\"article:modified_time\" content=\"2023-03-08T14:26:52+00:00\" \/>\n<meta property=\"og:image\" content=\"https:\/\/viladeste.com.br\/wp-content\/uploads\/2023\/02\/Vila-deste-6-Reduzida-3x2-43.jpg\" \/>\n\t<meta property=\"og:image:width\" content=\"1920\" \/>\n\t<meta property=\"og:image:height\" content=\"1439\" \/>\n\t<meta property=\"og:image:type\" content=\"image\/jpeg\" \/>\n<meta name=\"twitter:card\" content=\"summary_large_image\" \/>\n<script type=\"application\/ld+json\" class=\"yoast-schema-graph\">{\"@context\":\"https:\/\/schema.org\",\"@graph\":[{\"@type\":\"WebPage\",\"@id\":\"https:\/\/viladeste.com.br\/es\/sentiero\/\",\"url\":\"https:\/\/viladeste.com.br\/es\/sentiero\/\",\"name\":\"Atr\u00e9vete con el programa Sentiero - Hotel Vila d&#039;este\",\"isPartOf\":{\"@id\":\"https:\/\/viladeste.com.br\/#website\"},\"primaryImageOfPage\":{\"@id\":\"https:\/\/viladeste.com.br\/es\/sentiero\/#primaryimage\"},\"image\":{\"@id\":\"https:\/\/viladeste.com.br\/es\/sentiero\/#primaryimage\"},\"thumbnailUrl\":\"https:\/\/viladeste.com.br\/wp-content\/uploads\/2023\/02\/Vila-deste-6-Reduzida-3x2-43.jpg\",\"datePublished\":\"2023-02-10T01:36:42+00:00\",\"dateModified\":\"2023-03-08T14:26:52+00:00\",\"breadcrumb\":{\"@id\":\"https:\/\/viladeste.com.br\/es\/sentiero\/#breadcrumb\"},\"inLanguage\":\"es\",\"potentialAction\":[{\"@type\":\"ReadAction\",\"target\":[\"https:\/\/viladeste.com.br\/es\/sentiero\/\"]}]},{\"@type\":\"ImageObject\",\"inLanguage\":\"es\",\"@id\":\"https:\/\/viladeste.com.br\/es\/sentiero\/#primaryimage\",\"url\":\"https:\/\/viladeste.com.br\/wp-content\/uploads\/2023\/02\/Vila-deste-6-Reduzida-3x2-43.jpg\",\"contentUrl\":\"https:\/\/viladeste.com.br\/wp-content\/uploads\/2023\/02\/Vila-deste-6-Reduzida-3x2-43.jpg\",\"width\":1920,\"height\":1439},{\"@type\":\"BreadcrumbList\",\"@id\":\"https:\/\/viladeste.com.br\/es\/sentiero\/#breadcrumb\",\"itemListElement\":[{\"@type\":\"ListItem\",\"position\":1,\"name\":\"In\u00edcio\",\"item\":\"https:\/\/viladeste.com.br\/es\/\"},{\"@type\":\"ListItem\",\"position\":2,\"name\":\"Atr\u00e9vete con el programa Sentiero\"}]},{\"@type\":\"WebSite\",\"@id\":\"https:\/\/viladeste.com.br\/#website\",\"url\":\"https:\/\/viladeste.com.br\/\",\"name\":\"Hotel Vila d'este\",\"description\":\"B\u00fazios Original\",\"publisher\":{\"@id\":\"https:\/\/viladeste.com.br\/#organization\"},\"potentialAction\":[{\"@type\":\"SearchAction\",\"target\":{\"@type\":\"EntryPoint\",\"urlTemplate\":\"https:\/\/viladeste.com.br\/?s={search_term_string}\"},\"query-input\":{\"@type\":\"PropertyValueSpecification\",\"valueRequired\":true,\"valueName\":\"search_term_string\"}}],\"inLanguage\":\"es\"},{\"@type\":\"Organization\",\"@id\":\"https:\/\/viladeste.com.br\/#organization\",\"name\":\"Hotel Vila d'este\",\"url\":\"https:\/\/viladeste.com.br\/\",\"logo\":{\"@type\":\"ImageObject\",\"inLanguage\":\"es\",\"@id\":\"https:\/\/viladeste.com.br\/#\/schema\/logo\/image\/\",\"url\":\"https:\/\/viladeste.com.br\/wp-content\/uploads\/2023\/02\/Vila-D-Este_Branding_Logo_2.png\",\"contentUrl\":\"https:\/\/viladeste.com.br\/wp-content\/uploads\/2023\/02\/Vila-D-Este_Branding_Logo_2.png\",\"width\":875,\"height\":285,\"caption\":\"Hotel Vila d'este\"},\"image\":{\"@id\":\"https:\/\/viladeste.com.br\/#\/schema\/logo\/image\/\"},\"sameAs\":[\"https:\/\/www.facebook.com\/viladestebuzios\/\",\"https:\/\/www.instagram.com\/viladestebuzios\/\"]}]}<\/script>\n<!-- \/ Yoast SEO plugin. -->","yoast_head_json":{"title":"Atr\u00e9vete con el programa Sentiero - Hotel Vila d&#039;este","robots":{"index":"index","follow":"follow","max-snippet":"max-snippet:-1","max-image-preview":"max-image-preview:large","max-video-preview":"max-video-preview:-1"},"canonical":"https:\/\/viladeste.com.br\/es\/sentiero\/","og_locale":"es_ES","og_type":"article","og_title":"Atr\u00e9vete con el programa Sentiero - Hotel Vila d&#039;este","og_description":"El proyecto Sentiero invita a nuestros hu\u00e9spedes a descubrir B\u00fazios Original, lleno de historia y tradici\u00f3n, de belleza y tranquilidad, \u00a1pero tambi\u00e9n de muchas aventuras! Realice viajes en barco arrastrero, sum\u00e9rjase en las aguas llenas de historia de B\u00fazios, tambi\u00e9n le recomendamos un viaje en canoa hawaiana por el litoral m\u00e1s encantador de Brasil, entre [&hellip;]","og_url":"https:\/\/viladeste.com.br\/es\/sentiero\/","og_site_name":"Hotel Vila d&#039;este","article_publisher":"https:\/\/www.facebook.com\/viladestebuzios\/","article_modified_time":"2023-03-08T14:26:52+00:00","og_image":[{"url":"https:\/\/viladeste.com.br\/wp-content\/uploads\/2023\/02\/Vila-deste-6-Reduzida-3x2-43.jpg","width":1920,"height":1439,"type":"image\/jpeg"}],"twitter_card":"summary_large_image","schema":{"@context":"https:\/\/schema.org","@graph":[{"@type":"WebPage","@id":"https:\/\/viladeste.com.br\/es\/sentiero\/","url":"https:\/\/viladeste.com.br\/es\/sentiero\/","name":"Atr\u00e9vete con el programa Sentiero - Hotel Vila d&#039;este","isPartOf":{"@id":"https:\/\/viladeste.com.br\/#website"},"primaryImageOfPage":{"@id":"https:\/\/viladeste.com.br\/es\/sentiero\/#primaryimage"},"image":{"@id":"https:\/\/viladeste.com.br\/es\/sentiero\/#primaryimage"},"thumbnailUrl":"https:\/\/viladeste.com.br\/wp-content\/uploads\/2023\/02\/Vila-deste-6-Reduzida-3x2-43.jpg","datePublished":"2023-02-10T01:36:42+00:00","dateModified":"2023-03-08T14:26:52+00:00","breadcrumb":{"@id":"https:\/\/viladeste.com.br\/es\/sentiero\/#breadcrumb"},"inLanguage":"es","potentialAction":[{"@type":"ReadAction","target":["https:\/\/viladeste.com.br\/es\/sentiero\/"]}]},{"@type":"ImageObject","inLanguage":"es","@id":"https:\/\/viladeste.com.br\/es\/sentiero\/#primaryimage","url":"https:\/\/viladeste.com.br\/wp-content\/uploads\/2023\/02\/Vila-deste-6-Reduzida-3x2-43.jpg","contentUrl":"https:\/\/viladeste.com.br\/wp-content\/uploads\/2023\/02\/Vila-deste-6-Reduzida-3x2-43.jpg","width":1920,"height":1439},{"@type":"BreadcrumbList","@id":"https:\/\/viladeste.com.br\/es\/sentiero\/#breadcrumb","itemListElement":[{"@type":"ListItem","position":1,"name":"In\u00edcio","item":"https:\/\/viladeste.com.br\/es\/"},{"@type":"ListItem","position":2,"name":"Atr\u00e9vete con el programa Sentiero"}]},{"@type":"WebSite","@id":"https:\/\/viladeste.com.br\/#website","url":"https:\/\/viladeste.com.br\/","name":"Hotel Vila d'este","description":"B\u00fazios Original","publisher":{"@id":"https:\/\/viladeste.com.br\/#organization"},"potentialAction":[{"@type":"SearchAction","target":{"@type":"EntryPoint","urlTemplate":"https:\/\/viladeste.com.br\/?s={search_term_string}"},"query-input":{"@type":"PropertyValueSpecification","valueRequired":true,"valueName":"search_term_string"}}],"inLanguage":"es"},{"@type":"Organization","@id":"https:\/\/viladeste.com.br\/#organization","name":"Hotel Vila d'este","url":"https:\/\/viladeste.com.br\/","logo":{"@type":"ImageObject","inLanguage":"es","@id":"https:\/\/viladeste.com.br\/#\/schema\/logo\/image\/","url":"https:\/\/viladeste.com.br\/wp-content\/uploads\/2023\/02\/Vila-D-Este_Branding_Logo_2.png","contentUrl":"https:\/\/viladeste.com.br\/wp-content\/uploads\/2023\/02\/Vila-D-Este_Branding_Logo_2.png","width":875,"height":285,"caption":"Hotel Vila d'este"},"image":{"@id":"https:\/\/viladeste.com.br\/#\/schema\/logo\/image\/"},"sameAs":["https:\/\/www.facebook.com\/viladestebuzios\/","https:\/\/www.instagram.com\/viladestebuzios\/"]}]}},"_links":{"self":[{"href":"https:\/\/viladeste.com.br\/es\/wp-json\/wp\/v2\/pages\/1239","targetHints":{"allow":["GET"]}}],"collection":[{"href":"https:\/\/viladeste.com.br\/es\/wp-json\/wp\/v2\/pages"}],"about":[{"href":"https:\/\/viladeste.com.br\/es\/wp-json\/wp\/v2\/types\/page"}],"author":[{"embeddable":true,"href":"https:\/\/viladeste.com.br\/es\/wp-json\/wp\/v2\/users\/1"}],"replies":[{"embeddable":true,"href":"https:\/\/viladeste.com.br\/es\/wp-json\/wp\/v2\/comments?post=1239"}],"version-history":[{"count":0,"href":"https:\/\/viladeste.com.br\/es\/wp-json\/wp\/v2\/pages\/1239\/revisions"}],"wp:featuredmedia":[{"embeddable":true,"href":"https:\/\/viladeste.com.br\/es\/wp-json\/wp\/v2\/media\/835"}],"wp:attachment":[{"href":"https:\/\/viladeste.com.br\/es\/wp-json\/wp\/v2\/media?parent=1239"}],"curies":[{"name":"wp","href":"https:\/\/api.w.org\/{rel}","templated":true}]}}