{"id":1242,"date":"2023-01-11T09:44:59","date_gmt":"2023-01-11T12:44:59","guid":{"rendered":"https:\/\/viladeste.com.br\/lgpd\/"},"modified":"2023-03-08T11:38:15","modified_gmt":"2023-03-08T14:38:15","slug":"lgpd","status":"publish","type":"page","link":"https:\/\/viladeste.com.br\/es\/lgpd\/","title":{"rendered":"Pol\u00edtica de privacidade"},"content":{"rendered":"\n<h2 class=\"wp-block-heading\"><strong>\u00cdndice:<\/strong><\/h2>\n\n<ol class=\"wp-block-list\">\n<li> Glosario<\/li>\n\n\n\n<li>Controlador de datos (Vila d&#8217; este);<\/li>\n\n\n\n<li>Finalidad espec\u00edfica del tratamiento;<\/li>\n\n\n\n<li>Forma y duraci\u00f3n del tratamiento;<\/li>\n\n\n\n<li>Responsabilidades de los agentes responsables del procesamiento;<\/li>\n\n\n\n<li>Derechos del interesado (art\u00edculo 18 de la LGPD1).<\/li>\n<\/ol>\n\n<h2 class=\"wp-block-heading\"><strong>1. Glosario:<\/strong><\/h2>\n\n<p>\u2022 <strong>Datos Personales<\/strong>: informaci\u00f3n relativa a una persona f\u00edsica identificada o identificable;<br\/>\u2022 <strong>Datos Personales Sensibles<\/strong>: datos personales sobre origen racial o \u00e9tnico, convicci\u00f3n religiosa, opini\u00f3n pol\u00edtica, afiliaci\u00f3n sindical u organizaci\u00f3n religiosa, filos\u00f3fica o pol\u00edtica, datos referentes a la salud o vida sexual, datos gen\u00e9ticos o biom\u00e9tricos, cuando se vincule a una persona f\u00edsica.<br\/>\u2022 <strong>Tratamiento de datos<\/strong>: toda operaci\u00f3n realizada con datos personales, tales como las referidas a la recogida, producci\u00f3n, recepci\u00f3n, clasificaci\u00f3n, uso, acceso, reproducci\u00f3n, transmisi\u00f3n, distribuci\u00f3n, tratamiento, archivo, almacenamiento, eliminaci\u00f3n, evaluaci\u00f3n o control de la informaci\u00f3n, modificaci\u00f3n, comunicaci\u00f3n, transferencia, difusi\u00f3n o extracci\u00f3n;<br\/>\u2022 <strong>Titular de los datos<\/strong>: persona que proporciona sus datos;<br\/>\u2022 <strong>Agentes de tratamiento<\/strong>: titulares de los datos.<\/p>\n\n<h2 class=\"wp-block-heading\"><strong>2. Controlador de datos:<\/strong><\/h2>\n\n<p>Vila d\u2019este Handmade Hospitality Hotel:<br\/>O VILA D\u2019ESTE HANDMADE HOSPITALITY HOTEL, com raz\u00e3o social DL ANGELO TURISMO EIRELI, inscrita no CNPJ 02.844.293\/0001-19, com sede Alto do Humait\u00e1, 11 \u2013 Centro, B\u00fazios \u2013 RJ, 28950-000 e segundo a defini\u00e7\u00e3o trazida pela Lei Geral de Prote\u00e7\u00e3o de Dados \u201cLGPD\u201d (Lei Federal n\u00ba 13.709.2018), vem a apresentar a pol\u00edtica de privacidade utilizada.<br\/>Vila es una casa de exclusividad y personalizaci\u00f3n, que utiliza los datos proporcionados con pleno consentimiento para garantizar que la experiencia del cliente sea, de hecho, a medida.<br\/>Siguiendo nuestro compromiso con la transparencia, a continuaci\u00f3n explicamos el funcionamiento de las pol\u00edticas de datos legalmente adoptadas.<\/p>\n\n<h2 class=\"wp-block-heading\"><strong>3. Finalidad espec\u00edfica del tratamiento:<\/strong><\/h2>\n\n<h3 class=\"wp-block-heading\">3.1. Dados coletados <strong>para a reserva<\/strong>:<\/h3>\n\n<p>En el momento de la reserva se podr\u00e1n recabar los datos pertinentes a la FNRH, y en caso de cancelaci\u00f3n de reservas no reembolsables, los datos se conservar\u00e1n en el sistema para dar cumplimiento a la Ordenanza N\u00b0 177 de 13 de septiembre de 2011 del Ministerio de Turismo y con el objeto de subvencionar la emisi\u00f3n de un documento fiscal en caso de cobro.<\/p>\n\n<h3 class=\"wp-block-heading\">3.2. Datos recopilados durante el registro necesarios <strong>para el Check-In<\/strong>:<\/h3>\n\n<p>Los datos del titular de la reserva y su acompa\u00f1ante ser\u00e1n recabados de conformidad con la Ordenanza N\u00b0 177 de 13 de septiembre de 2011 del Ministerio de Turismo.<br\/>\u2022 Nombre completo;<br\/>\u2022 Direcci\u00f3n de correo electr\u00f3nico;<br\/>\u2022 N\u00famero de tel\u00e9fono;<br\/>\u2022 N\u00famero de m\u00f3vil;<br\/>\u2022 Profesi\u00f3n;<br\/>\u2022 Nacionalidad;<br\/>\u2022 Fecha de nascimiento;<br\/>\u2022 G\u00eanero;<br\/>\u2022 Identidad y organismo emisor o pasaporte y pa\u00eds emisor;<br\/>\u2022 CPF \u2013 S\u00f3lo brasile\u00f1os;<br\/>\u2022 DIRECCI\u00d3N;<br\/>\u2022 Prop\u00f3sito de viaje;<br\/>\u2022 Medio de transporte;<br\/>\u2022 Para visitantes extranjeros: \u00faltimo origen y pr\u00f3ximo destino.<\/p>\n\n<h3 class=\"wp-block-heading\">3.3. Datos recopilados <strong>para la participaci\u00f3n del club de ventaja<\/strong>:<\/h3>\n\n<p>\u2022 <strong>Direcci\u00f3n de correo electr\u00f3nico<\/strong> para el env\u00edo de promociones, novedades, regalos y beneficios exclusivos para suscriptores. Los datos son almacenados y utilizados con el consentimiento inequ\u00edvoco del cliente en el momento de la suscripci\u00f3n, pero su uso ser\u00e1 interrumpido cuando el cliente solicite la desconexi\u00f3n del programa de beneficios, lo que puede hacerse por correo electr\u00f3nico marketing@viladeste.com.br.<\/p>\n\n<h3 class=\"wp-block-heading\">3.4. Informaci\u00f3n que puede ser recabada aunque el usuario no est\u00e9 registrado en los sistemas (cookies):<\/h3>\n\n<p>\u2022 La direcci\u00f3n IP utilizada para acceder a nuestros sistemas;<br\/>\u2022 P\u00e1ginas visitadas en otros sitios;<br\/>\u2022 Conteo de visitas;<br\/>\u2022 Datos sobre el dispositivo utilizado para la navegaci\u00f3n;<br\/>\u2022 Art\u00edculos, Servicios, Informaci\u00f3n y categor\u00edas buscadas o vistas.<\/p>\n\n<h3 class=\"wp-block-heading\">3.5. Se puede recopilar otra informaci\u00f3n:<\/h3>\n\n<p>\u2022 Datos de las redes sociales;<br\/>\u2022 Informaci\u00f3n sobre usted que haya hecho p\u00fablica o que est\u00e9 disponible p\u00fablicamente en Internet;<\/p>\n\n<h2 class=\"wp-block-heading\"><strong>4. Forma e dura\u00e7\u00e3o do tratamento dos dados:<\/strong><\/h2>\n\n<p>\u2022 Previo consentimiento para el tratamiento de los datos teniendo en cuenta la finalidad especificada, los sectores responsables de los mismos los utilizar\u00e1n en la forma propuesta por los t\u00e9rminos de responsabilidad.<br\/>\u2022 Si bien el titular de la informaci\u00f3n tiene derecho a solicitar la revocaci\u00f3n de su consentimiento, rectificar los datos o eliminarlos del banco, cabe recordar que la informaci\u00f3n que sea necesaria para el cumplimiento de las obligaciones legales o reglamentarias deber\u00e1 conservarse en el bases de datos de la organizaci\u00f3n.<br\/>Caso o cliente seja assinante do clube de vantagens e deseje abrir m\u00e3o do programa, seus dados n\u00e3o ser\u00e3o mais tratados para tal fim \u2013 por\u00e9m podem permanecer armazenados no banco de dados caso a informa\u00e7\u00e3o seja pertinente para a portaria N\u00ba 177 de 13 de Setembro de 2011 do Minist\u00e9rio do Turismo.<\/p>\n\n<h2 class=\"wp-block-heading\"><strong>5. Responsabilidades de los responsables del tratamiento:<\/strong><\/h2>\n\n<p>\u2022 Los agentes de tratamiento deber\u00e1n adoptar medidas de seguridad, t\u00e9cnicas y administrativas, capaces de proteger los datos personales de accesos no autorizados y de situaciones accidentales o il\u00edcitas de destrucci\u00f3n, p\u00e9rdida, alteraci\u00f3n, comunicaci\u00f3n o cualquier forma de tratamiento inapropiado o il\u00edcito.<br\/>\u2022 Los controladores y operadores, en el \u00e1mbito de sus competencias, para el tratamiento de datos personales, individualmente o a trav\u00e9s de asociaciones, podr\u00e1n formular reglas de buenas pr\u00e1cticas y gobierno que establezcan las condiciones organizativas, el r\u00e9gimen de funcionamiento, los procedimientos, incluyendo las denuncias de los titulares. y peticiones, normas de seguridad, normas t\u00e9cnicas, obligaciones espec\u00edficas de las distintas partes involucradas en el tratamiento, acciones educativas, mecanismos internos de<br\/>supervisi\u00f3n y mitigaci\u00f3n de riesgos (incluido el aviso inmediato a las autoridades) y otros<br\/>aspectos relacionados con el tratamiento de datos personales.<\/p>\n\n<h2 class=\"wp-block-heading\"><strong>6. Derechos del interesado (art\u00edculo 18 de la LGPD):<\/strong><\/h2>\n\n<p><em>\u2022 \u201cArt. 18. El titular de los datos personales tiene derecho a obtener del responsable del tratamiento, en relaci\u00f3n con los datos del titular tratados por \u00e9l, en cualquier momento y previa solicitud: I \u2013 confirmaci\u00f3n de la existencia del tratamiento; II \u2013 acceso a los datos; III &#8211; correcci\u00f3n de datos incompletos, inexactos o desactualizados; IV &#8211; anonimizaci\u00f3n, bloqueo o eliminaci\u00f3n de datos innecesarios, excesivos o tratados en violaci\u00f3n de las disposiciones de esta Ley; V &#8211; portabilidad de datos para otro proveedor de servicios o productos, <\/em><em>mediante requisi\u00e7\u00e3o expressa, de acordo com a regulamenta\u00e7\u00e3o da autoridade <\/em><em>nacional, sujeta a secretos comerciales e industriales; VI \u2013 supresi\u00f3n de los datos personales tratados con consentimiento del titular; VII &#8211; informaci\u00f3n de entidades p\u00fablicas y privadas con las que el controlador realiz\u00f3 uso compartido de datos; VIII &#8211; informaci\u00f3n sobre la posibilidad de no prestar el consentimiento y sobre las consecuencias de la negativa; IX \u2013 revocaci\u00f3n del consentimiento.\u201d<\/em><\/p>\n","protected":false},"excerpt":{"rendered":"<p>\u00cdndice: 1. Glosario: \u2022 Datos Personales: informaci\u00f3n relativa a una persona f\u00edsica identificada o identificable;\u2022 Datos Personales Sensibles: datos personales sobre origen racial o \u00e9tnico, convicci\u00f3n religiosa, opini\u00f3n pol\u00edtica, afiliaci\u00f3n sindical u organizaci\u00f3n religiosa, filos\u00f3fica o pol\u00edtica, datos referentes a la salud o vida sexual, datos gen\u00e9ticos o biom\u00e9tricos, cuando se vincule a una persona [&hellip;]<\/p>\n","protected":false},"author":1,"featured_media":0,"parent":0,"menu_order":0,"comment_status":"closed","ping_status":"open","template":"","meta":{"inline_featured_image":false,"footnotes":""},"class_list":["post-1242","page","type-page","status-publish","hentry"],"yoast_head":"<!-- This site is optimized with the Yoast SEO plugin v27.2 - https:\/\/yoast.com\/product\/yoast-seo-wordpress\/ -->\n<title>Pol\u00edtica de privacidade - Hotel Vila d&#039;este<\/title>\n<meta name=\"robots\" content=\"index, follow, max-snippet:-1, max-image-preview:large, max-video-preview:-1\" \/>\n<link rel=\"canonical\" href=\"https:\/\/viladeste.com.br\/es\/lgpd\/\" \/>\n<meta property=\"og:locale\" content=\"es_ES\" \/>\n<meta property=\"og:type\" content=\"article\" \/>\n<meta property=\"og:title\" content=\"Pol\u00edtica de privacidade - Hotel Vila d&#039;este\" \/>\n<meta property=\"og:description\" content=\"\u00cdndice: 1. Glosario: \u2022 Datos Personales: informaci\u00f3n relativa a una persona f\u00edsica identificada o identificable;\u2022 Datos Personales Sensibles: datos personales sobre origen racial o \u00e9tnico, convicci\u00f3n religiosa, opini\u00f3n pol\u00edtica, afiliaci\u00f3n sindical u organizaci\u00f3n religiosa, filos\u00f3fica o pol\u00edtica, datos referentes a la salud o vida sexual, datos gen\u00e9ticos o biom\u00e9tricos, cuando se vincule a una persona [&hellip;]\" \/>\n<meta property=\"og:url\" content=\"https:\/\/viladeste.com.br\/es\/lgpd\/\" \/>\n<meta property=\"og:site_name\" content=\"Hotel Vila d&#039;este\" \/>\n<meta property=\"article:publisher\" content=\"https:\/\/www.facebook.com\/viladestebuzios\/\" \/>\n<meta property=\"article:modified_time\" content=\"2023-03-08T14:38:15+00:00\" \/>\n<meta name=\"twitter:card\" content=\"summary_large_image\" \/>\n<meta name=\"twitter:label1\" content=\"Tiempo de lectura\" \/>\n\t<meta name=\"twitter:data1\" content=\"5 minutos\" \/>\n<script type=\"application\/ld+json\" class=\"yoast-schema-graph\">{\"@context\":\"https:\/\/schema.org\",\"@graph\":[{\"@type\":\"WebPage\",\"@id\":\"https:\/\/viladeste.com.br\/es\/lgpd\/\",\"url\":\"https:\/\/viladeste.com.br\/es\/lgpd\/\",\"name\":\"Pol\u00edtica de privacidade - Hotel Vila d&#039;este\",\"isPartOf\":{\"@id\":\"https:\/\/viladeste.com.br\/#website\"},\"datePublished\":\"2023-01-11T12:44:59+00:00\",\"dateModified\":\"2023-03-08T14:38:15+00:00\",\"breadcrumb\":{\"@id\":\"https:\/\/viladeste.com.br\/es\/lgpd\/#breadcrumb\"},\"inLanguage\":\"es\",\"potentialAction\":[{\"@type\":\"ReadAction\",\"target\":[\"https:\/\/viladeste.com.br\/es\/lgpd\/\"]}]},{\"@type\":\"BreadcrumbList\",\"@id\":\"https:\/\/viladeste.com.br\/es\/lgpd\/#breadcrumb\",\"itemListElement\":[{\"@type\":\"ListItem\",\"position\":1,\"name\":\"In\u00edcio\",\"item\":\"https:\/\/viladeste.com.br\/es\/\"},{\"@type\":\"ListItem\",\"position\":2,\"name\":\"Pol\u00edtica de privacidade\"}]},{\"@type\":\"WebSite\",\"@id\":\"https:\/\/viladeste.com.br\/#website\",\"url\":\"https:\/\/viladeste.com.br\/\",\"name\":\"Hotel Vila d'este\",\"description\":\"B\u00fazios Original\",\"publisher\":{\"@id\":\"https:\/\/viladeste.com.br\/#organization\"},\"potentialAction\":[{\"@type\":\"SearchAction\",\"target\":{\"@type\":\"EntryPoint\",\"urlTemplate\":\"https:\/\/viladeste.com.br\/?s={search_term_string}\"},\"query-input\":{\"@type\":\"PropertyValueSpecification\",\"valueRequired\":true,\"valueName\":\"search_term_string\"}}],\"inLanguage\":\"es\"},{\"@type\":\"Organization\",\"@id\":\"https:\/\/viladeste.com.br\/#organization\",\"name\":\"Hotel Vila d'este\",\"url\":\"https:\/\/viladeste.com.br\/\",\"logo\":{\"@type\":\"ImageObject\",\"inLanguage\":\"es\",\"@id\":\"https:\/\/viladeste.com.br\/#\/schema\/logo\/image\/\",\"url\":\"https:\/\/viladeste.com.br\/wp-content\/uploads\/2023\/02\/Vila-D-Este_Branding_Logo_2.png\",\"contentUrl\":\"https:\/\/viladeste.com.br\/wp-content\/uploads\/2023\/02\/Vila-D-Este_Branding_Logo_2.png\",\"width\":875,\"height\":285,\"caption\":\"Hotel Vila d'este\"},\"image\":{\"@id\":\"https:\/\/viladeste.com.br\/#\/schema\/logo\/image\/\"},\"sameAs\":[\"https:\/\/www.facebook.com\/viladestebuzios\/\",\"https:\/\/www.instagram.com\/viladestebuzios\/\"]}]}<\/script>\n<!-- \/ Yoast SEO plugin. -->","yoast_head_json":{"title":"Pol\u00edtica de privacidade - Hotel Vila d&#039;este","robots":{"index":"index","follow":"follow","max-snippet":"max-snippet:-1","max-image-preview":"max-image-preview:large","max-video-preview":"max-video-preview:-1"},"canonical":"https:\/\/viladeste.com.br\/es\/lgpd\/","og_locale":"es_ES","og_type":"article","og_title":"Pol\u00edtica de privacidade - Hotel Vila d&#039;este","og_description":"\u00cdndice: 1. Glosario: \u2022 Datos Personales: informaci\u00f3n relativa a una persona f\u00edsica identificada o identificable;\u2022 Datos Personales Sensibles: datos personales sobre origen racial o \u00e9tnico, convicci\u00f3n religiosa, opini\u00f3n pol\u00edtica, afiliaci\u00f3n sindical u organizaci\u00f3n religiosa, filos\u00f3fica o pol\u00edtica, datos referentes a la salud o vida sexual, datos gen\u00e9ticos o biom\u00e9tricos, cuando se vincule a una persona [&hellip;]","og_url":"https:\/\/viladeste.com.br\/es\/lgpd\/","og_site_name":"Hotel Vila d&#039;este","article_publisher":"https:\/\/www.facebook.com\/viladestebuzios\/","article_modified_time":"2023-03-08T14:38:15+00:00","twitter_card":"summary_large_image","twitter_misc":{"Tiempo de lectura":"5 minutos"},"schema":{"@context":"https:\/\/schema.org","@graph":[{"@type":"WebPage","@id":"https:\/\/viladeste.com.br\/es\/lgpd\/","url":"https:\/\/viladeste.com.br\/es\/lgpd\/","name":"Pol\u00edtica de privacidade - Hotel Vila d&#039;este","isPartOf":{"@id":"https:\/\/viladeste.com.br\/#website"},"datePublished":"2023-01-11T12:44:59+00:00","dateModified":"2023-03-08T14:38:15+00:00","breadcrumb":{"@id":"https:\/\/viladeste.com.br\/es\/lgpd\/#breadcrumb"},"inLanguage":"es","potentialAction":[{"@type":"ReadAction","target":["https:\/\/viladeste.com.br\/es\/lgpd\/"]}]},{"@type":"BreadcrumbList","@id":"https:\/\/viladeste.com.br\/es\/lgpd\/#breadcrumb","itemListElement":[{"@type":"ListItem","position":1,"name":"In\u00edcio","item":"https:\/\/viladeste.com.br\/es\/"},{"@type":"ListItem","position":2,"name":"Pol\u00edtica de privacidade"}]},{"@type":"WebSite","@id":"https:\/\/viladeste.com.br\/#website","url":"https:\/\/viladeste.com.br\/","name":"Hotel Vila d'este","description":"B\u00fazios Original","publisher":{"@id":"https:\/\/viladeste.com.br\/#organization"},"potentialAction":[{"@type":"SearchAction","target":{"@type":"EntryPoint","urlTemplate":"https:\/\/viladeste.com.br\/?s={search_term_string}"},"query-input":{"@type":"PropertyValueSpecification","valueRequired":true,"valueName":"search_term_string"}}],"inLanguage":"es"},{"@type":"Organization","@id":"https:\/\/viladeste.com.br\/#organization","name":"Hotel Vila d'este","url":"https:\/\/viladeste.com.br\/","logo":{"@type":"ImageObject","inLanguage":"es","@id":"https:\/\/viladeste.com.br\/#\/schema\/logo\/image\/","url":"https:\/\/viladeste.com.br\/wp-content\/uploads\/2023\/02\/Vila-D-Este_Branding_Logo_2.png","contentUrl":"https:\/\/viladeste.com.br\/wp-content\/uploads\/2023\/02\/Vila-D-Este_Branding_Logo_2.png","width":875,"height":285,"caption":"Hotel Vila d'este"},"image":{"@id":"https:\/\/viladeste.com.br\/#\/schema\/logo\/image\/"},"sameAs":["https:\/\/www.facebook.com\/viladestebuzios\/","https:\/\/www.instagram.com\/viladestebuzios\/"]}]}},"_links":{"self":[{"href":"https:\/\/viladeste.com.br\/es\/wp-json\/wp\/v2\/pages\/1242","targetHints":{"allow":["GET"]}}],"collection":[{"href":"https:\/\/viladeste.com.br\/es\/wp-json\/wp\/v2\/pages"}],"about":[{"href":"https:\/\/viladeste.com.br\/es\/wp-json\/wp\/v2\/types\/page"}],"author":[{"embeddable":true,"href":"https:\/\/viladeste.com.br\/es\/wp-json\/wp\/v2\/users\/1"}],"replies":[{"embeddable":true,"href":"https:\/\/viladeste.com.br\/es\/wp-json\/wp\/v2\/comments?post=1242"}],"version-history":[{"count":0,"href":"https:\/\/viladeste.com.br\/es\/wp-json\/wp\/v2\/pages\/1242\/revisions"}],"wp:attachment":[{"href":"https:\/\/viladeste.com.br\/es\/wp-json\/wp\/v2\/media?parent=1242"}],"curies":[{"name":"wp","href":"https:\/\/api.w.org\/{rel}","templated":true}]}}